{"id":1184,"date":"2019-04-11T08:55:06","date_gmt":"2019-04-11T06:55:06","guid":{"rendered":"https:\/\/www.vergal.hr\/product\/maslinovo-ulje-vergal-blend\/"},"modified":"2026-02-26T11:36:49","modified_gmt":"2026-02-26T09:36:49","slug":"olivenoel-vergal-blend","status":"publish","type":"product","link":"https:\/\/www.vergal.hr\/de\/produkt\/olivenoel-vergal-blend\/","title":{"rendered":"Oliven\u00f6l Vergal Blend"},"content":{"rendered":"","protected":false},"excerpt":{"rendered":"<p>Dies ist eine Kombination aus mehreren Olivensorten. Es hat eine intensive gr\u00fcne Farbe und duftet nach gesunden gr\u00fcnen Oliven und gem\u00e4htem Gras. Der Geschmack ist die perfekte Kombination von w\u00fcrzig und bitter mit einer Mandelnote. Dieses \u00d6l wird aufgrund seiner Harmonie zu Salaten, gekochtem Gem\u00fcse oder als Erg\u00e4nzung zu Fischgerichten empfohlen.<\/p>\n<p><strong>New York International Olive Oil Competition (NYIOOC)<br \/>\n<\/strong><strong>2024, 2025 und 2026<\/strong>\u00a0\u2013 <strong>GOLD AWARD<\/strong> \u2013 Das Oliven\u00f6l Vergal Blend wurde zu einem der besten \u00d6le der Welt erkl\u00e4rt und gewann die Goldmedaille.<\/p>\n<p>Das Blend wurde in den spezialisierten F\u00fchrer <strong>Flos Olei<\/strong> aufgenommen, der die besten nativen Oliven\u00f6le extra pr\u00e4sentiert. In den Jahren 2025 und 2026.<\/p>\n<p><strong>2025 in der Selezione Leone<\/strong> mit einer Punktzahl von \u00fcber 85\/100 enthalten<\/p>\n","protected":false},"featured_media":1962,"template":"","meta":{"_et_pb_use_builder":"","_et_pb_old_content":"","_et_gb_content_width":""},"product_cat":[121],"product_tag":[],"yoast_head":"<!-- This site is optimized with the Yoast SEO plugin v21.7 - https:\/\/yoast.com\/wordpress\/plugins\/seo\/ -->\n<title>Oliven\u00f6l Vergal Blend | Extra djevi\u010dansko maslinovo ulje<\/title>\n<meta name=\"description\" content=\"Dobiveno je izravno iz ploda masline isklju\u010divo mehani\u010dkim postupcima hladne prerade. Plodovi se ubiru ru\u010dno u na\u0161im maslinicima na podru\u010dju Istre.\" \/>\n<meta name=\"robots\" content=\"index, follow, max-snippet:-1, max-image-preview:large, max-video-preview:-1\" \/>\n<link rel=\"canonical\" href=\"https:\/\/www.vergal.hr\/de\/produkt\/olivenoel-vergal-blend\/\" \/>\n<meta property=\"og:locale\" content=\"de_DE\" \/>\n<meta property=\"og:type\" content=\"article\" \/>\n<meta property=\"og:title\" content=\"Oliven\u00f6l Vergal Blend | Extra djevi\u010dansko maslinovo ulje\" \/>\n<meta property=\"og:description\" content=\"Dobiveno je izravno iz ploda masline isklju\u010divo mehani\u010dkim postupcima hladne prerade. Plodovi se ubiru ru\u010dno u na\u0161im maslinicima na podru\u010dju Istre.\" \/>\n<meta property=\"og:url\" content=\"https:\/\/www.vergal.hr\/de\/produkt\/olivenoel-vergal-blend\/\" \/>\n<meta property=\"og:site_name\" content=\"Maslinovo ulje Vergal\" \/>\n<meta property=\"article:publisher\" content=\"https:\/\/www.facebook.com\/VergalOliveOil\/\" \/>\n<meta property=\"article:modified_time\" content=\"2026-02-26T09:36:49+00:00\" \/>\n<meta property=\"og:image\" content=\"https:\/\/www.vergal.hr\/wp-content\/uploads\/2020\/06\/blend-500.jpg\" \/>\n\t<meta property=\"og:image:width\" content=\"600\" \/>\n\t<meta property=\"og:image:height\" content=\"900\" \/>\n\t<meta property=\"og:image:type\" content=\"image\/jpeg\" \/>\n<meta name=\"twitter:card\" content=\"summary_large_image\" \/>\n<meta name=\"twitter:label1\" content=\"Gesch\u00e4tzte Lesezeit\" \/>\n\t<meta name=\"twitter:data1\" content=\"1\u00a0Minute\" \/>\n<script type=\"application\/ld+json\" class=\"yoast-schema-graph\">{\"@context\":\"https:\/\/schema.org\",\"@graph\":[{\"@type\":\"WebPage\",\"@id\":\"https:\/\/www.vergal.hr\/de\/produkt\/olivenoel-vergal-blend\/\",\"url\":\"https:\/\/www.vergal.hr\/de\/produkt\/olivenoel-vergal-blend\/\",\"name\":\"Oliven\u00f6l Vergal Blend | Extra djevi\u010dansko maslinovo ulje\",\"isPartOf\":{\"@id\":\"https:\/\/www.vergal.hr\/de\/#website\"},\"datePublished\":\"2019-04-11T06:55:06+00:00\",\"dateModified\":\"2026-02-26T09:36:49+00:00\",\"description\":\"Dobiveno je izravno iz ploda masline isklju\u010divo mehani\u010dkim postupcima hladne prerade. Plodovi se ubiru ru\u010dno u na\u0161im maslinicima na podru\u010dju Istre.\",\"breadcrumb\":{\"@id\":\"https:\/\/www.vergal.hr\/de\/produkt\/olivenoel-vergal-blend\/#breadcrumb\"},\"inLanguage\":\"de\",\"potentialAction\":[{\"@type\":\"ReadAction\",\"target\":[\"https:\/\/www.vergal.hr\/de\/produkt\/olivenoel-vergal-blend\/\"]}]},{\"@type\":\"BreadcrumbList\",\"@id\":\"https:\/\/www.vergal.hr\/de\/produkt\/olivenoel-vergal-blend\/#breadcrumb\",\"itemListElement\":[{\"@type\":\"ListItem\",\"position\":1,\"name\":\"Po\u010detna stranica\",\"item\":\"https:\/\/www.vergal.hr\/de\/\"},{\"@type\":\"ListItem\",\"position\":2,\"name\":\"Webshop von Oliven\u00f6l Vergal \u2013 bestellen Sie unser Oliven\u00f6l mit nur ein paar Klicks!\",\"item\":\"https:\/\/www.vergal.hr\/de\/shop\/\"},{\"@type\":\"ListItem\",\"position\":3,\"name\":\"Oliven\u00f6l Vergal Blend\"}]},{\"@type\":\"WebSite\",\"@id\":\"https:\/\/www.vergal.hr\/de\/#website\",\"url\":\"https:\/\/www.vergal.hr\/de\/\",\"name\":\"Maslinovo ulje Vergal\",\"description\":\"Ekstra djevi\u010dansko maslinovo ulje\",\"publisher\":{\"@id\":\"https:\/\/www.vergal.hr\/de\/#organization\"},\"potentialAction\":[{\"@type\":\"SearchAction\",\"target\":{\"@type\":\"EntryPoint\",\"urlTemplate\":\"https:\/\/www.vergal.hr\/de\/?s={search_term_string}\"},\"query-input\":\"required name=search_term_string\"}],\"inLanguage\":\"de\"},{\"@type\":\"Organization\",\"@id\":\"https:\/\/www.vergal.hr\/de\/#organization\",\"name\":\"Maslinovo ulje Vergal\",\"url\":\"https:\/\/www.vergal.hr\/de\/\",\"logo\":{\"@type\":\"ImageObject\",\"inLanguage\":\"de\",\"@id\":\"https:\/\/www.vergal.hr\/de\/#\/schema\/logo\/image\/\",\"url\":\"https:\/\/www.vergal.hr\/wp-content\/uploads\/2019\/04\/logo_231.png\",\"contentUrl\":\"https:\/\/www.vergal.hr\/wp-content\/uploads\/2019\/04\/logo_231.png\",\"width\":231,\"height\":351,\"caption\":\"Maslinovo ulje Vergal\"},\"image\":{\"@id\":\"https:\/\/www.vergal.hr\/de\/#\/schema\/logo\/image\/\"},\"sameAs\":[\"https:\/\/www.facebook.com\/VergalOliveOil\/\"]}]}<\/script>\n<!-- \/ Yoast SEO plugin. -->","yoast_head_json":{"title":"Oliven\u00f6l Vergal Blend | Extra djevi\u010dansko maslinovo ulje","description":"Dobiveno je izravno iz ploda masline isklju\u010divo mehani\u010dkim postupcima hladne prerade. Plodovi se ubiru ru\u010dno u na\u0161im maslinicima na podru\u010dju Istre.","robots":{"index":"index","follow":"follow","max-snippet":"max-snippet:-1","max-image-preview":"max-image-preview:large","max-video-preview":"max-video-preview:-1"},"canonical":"https:\/\/www.vergal.hr\/de\/produkt\/olivenoel-vergal-blend\/","og_locale":"de_DE","og_type":"article","og_title":"Oliven\u00f6l Vergal Blend | Extra djevi\u010dansko maslinovo ulje","og_description":"Dobiveno je izravno iz ploda masline isklju\u010divo mehani\u010dkim postupcima hladne prerade. Plodovi se ubiru ru\u010dno u na\u0161im maslinicima na podru\u010dju Istre.","og_url":"https:\/\/www.vergal.hr\/de\/produkt\/olivenoel-vergal-blend\/","og_site_name":"Maslinovo ulje Vergal","article_publisher":"https:\/\/www.facebook.com\/VergalOliveOil\/","article_modified_time":"2026-02-26T09:36:49+00:00","og_image":[{"width":600,"height":900,"url":"https:\/\/www.vergal.hr\/wp-content\/uploads\/2020\/06\/blend-500.jpg","type":"image\/jpeg"}],"twitter_card":"summary_large_image","twitter_misc":{"Gesch\u00e4tzte Lesezeit":"1\u00a0Minute"},"schema":{"@context":"https:\/\/schema.org","@graph":[{"@type":"WebPage","@id":"https:\/\/www.vergal.hr\/de\/produkt\/olivenoel-vergal-blend\/","url":"https:\/\/www.vergal.hr\/de\/produkt\/olivenoel-vergal-blend\/","name":"Oliven\u00f6l Vergal Blend | Extra djevi\u010dansko maslinovo ulje","isPartOf":{"@id":"https:\/\/www.vergal.hr\/de\/#website"},"datePublished":"2019-04-11T06:55:06+00:00","dateModified":"2026-02-26T09:36:49+00:00","description":"Dobiveno je izravno iz ploda masline isklju\u010divo mehani\u010dkim postupcima hladne prerade. Plodovi se ubiru ru\u010dno u na\u0161im maslinicima na podru\u010dju Istre.","breadcrumb":{"@id":"https:\/\/www.vergal.hr\/de\/produkt\/olivenoel-vergal-blend\/#breadcrumb"},"inLanguage":"de","potentialAction":[{"@type":"ReadAction","target":["https:\/\/www.vergal.hr\/de\/produkt\/olivenoel-vergal-blend\/"]}]},{"@type":"BreadcrumbList","@id":"https:\/\/www.vergal.hr\/de\/produkt\/olivenoel-vergal-blend\/#breadcrumb","itemListElement":[{"@type":"ListItem","position":1,"name":"Po\u010detna stranica","item":"https:\/\/www.vergal.hr\/de\/"},{"@type":"ListItem","position":2,"name":"Webshop von Oliven\u00f6l Vergal \u2013 bestellen Sie unser Oliven\u00f6l mit nur ein paar Klicks!","item":"https:\/\/www.vergal.hr\/de\/shop\/"},{"@type":"ListItem","position":3,"name":"Oliven\u00f6l Vergal Blend"}]},{"@type":"WebSite","@id":"https:\/\/www.vergal.hr\/de\/#website","url":"https:\/\/www.vergal.hr\/de\/","name":"Maslinovo ulje Vergal","description":"Ekstra djevi\u010dansko maslinovo ulje","publisher":{"@id":"https:\/\/www.vergal.hr\/de\/#organization"},"potentialAction":[{"@type":"SearchAction","target":{"@type":"EntryPoint","urlTemplate":"https:\/\/www.vergal.hr\/de\/?s={search_term_string}"},"query-input":"required name=search_term_string"}],"inLanguage":"de"},{"@type":"Organization","@id":"https:\/\/www.vergal.hr\/de\/#organization","name":"Maslinovo ulje Vergal","url":"https:\/\/www.vergal.hr\/de\/","logo":{"@type":"ImageObject","inLanguage":"de","@id":"https:\/\/www.vergal.hr\/de\/#\/schema\/logo\/image\/","url":"https:\/\/www.vergal.hr\/wp-content\/uploads\/2019\/04\/logo_231.png","contentUrl":"https:\/\/www.vergal.hr\/wp-content\/uploads\/2019\/04\/logo_231.png","width":231,"height":351,"caption":"Maslinovo ulje Vergal"},"image":{"@id":"https:\/\/www.vergal.hr\/de\/#\/schema\/logo\/image\/"},"sameAs":["https:\/\/www.facebook.com\/VergalOliveOil\/"]}]}},"_links":{"self":[{"href":"https:\/\/www.vergal.hr\/de\/wp-json\/wp\/v2\/product\/1184"}],"collection":[{"href":"https:\/\/www.vergal.hr\/de\/wp-json\/wp\/v2\/product"}],"about":[{"href":"https:\/\/www.vergal.hr\/de\/wp-json\/wp\/v2\/types\/product"}],"wp:featuredmedia":[{"embeddable":true,"href":"https:\/\/www.vergal.hr\/de\/wp-json\/wp\/v2\/media\/1962"}],"wp:attachment":[{"href":"https:\/\/www.vergal.hr\/de\/wp-json\/wp\/v2\/media?parent=1184"}],"wp:term":[{"taxonomy":"product_cat","embeddable":true,"href":"https:\/\/www.vergal.hr\/de\/wp-json\/wp\/v2\/product_cat?post=1184"},{"taxonomy":"product_tag","embeddable":true,"href":"https:\/\/www.vergal.hr\/de\/wp-json\/wp\/v2\/product_tag?post=1184"}],"curies":[{"name":"wp","href":"https:\/\/api.w.org\/{rel}","templated":true}]}}