{"id":1206,"date":"2019-04-11T08:42:08","date_gmt":"2019-04-11T08:42:08","guid":{"rendered":"https:\/\/www.vergal.hr\/product\/maslinovo-ulje-leccino\/"},"modified":"2025-04-10T10:23:10","modified_gmt":"2025-04-10T08:23:10","slug":"olivenoel-leccino","status":"publish","type":"product","link":"https:\/\/www.vergal.hr\/de\/produkt\/olivenoel-leccino\/","title":{"rendered":"Oliven\u00f6l Leccino"},"content":{"rendered":"","protected":false},"excerpt":{"rendered":"<p>Das \u00d6l hat eine hervorragende Beschaffenheit, es hat einen au\u00dfergew\u00f6hnlich frischen Duft und einen fruchtigen Geschmack nach der Frucht der Olive, mit einer milden Bitterkeit und W\u00fcrze. Es passt perfekt zu Fisch, Scampi oder Garnelen, Calamari und Sepia-Tintenfisch vom Grill sowie verschiedenen Salaten.<\/p>\n<p>&#8211; The New York International Olive Oil Competition (NYIOOC) 2023 und 2025. \u2013 GOLD AWARD<\/p>\n<p>&#8211; Im Jahr 2017 wurde Vergal Leccino zum Champion des regionalen Wettbewerbs f\u00fcr Oliven\u00f6le des kroatischen und slowenischen Istriens DOSI erkl\u00e4rt.<\/p>\n","protected":false},"featured_media":1982,"template":"","meta":{"_et_pb_use_builder":"","_et_pb_old_content":"","_et_gb_content_width":""},"product_cat":[125],"product_tag":[],"yoast_head":"<!-- This site is optimized with the Yoast SEO plugin v21.7 - https:\/\/yoast.com\/wordpress\/plugins\/seo\/ -->\n<title>Oliven\u00f6l Leccino | Extra djevi\u010dansko maslinovo ulje<\/title>\n<meta name=\"description\" content=\"Ulje je izrazite kakvo\u0107e, izra\u017eeno svje\u017eeg mirisa, vo\u0107nog okusa po plodu masline, blage gor\u010dine i pikantnosti. Savr\u0161eno pristaje uz ribu, \u0161kampe ili kozice.\" \/>\n<meta name=\"robots\" content=\"index, follow, max-snippet:-1, max-image-preview:large, max-video-preview:-1\" \/>\n<link rel=\"canonical\" href=\"https:\/\/www.vergal.hr\/de\/produkt\/olivenoel-leccino\/\" \/>\n<meta property=\"og:locale\" content=\"de_DE\" \/>\n<meta property=\"og:type\" content=\"article\" \/>\n<meta property=\"og:title\" content=\"Oliven\u00f6l Leccino | Extra djevi\u010dansko maslinovo ulje\" \/>\n<meta property=\"og:description\" content=\"Ulje je izrazite kakvo\u0107e, izra\u017eeno svje\u017eeg mirisa, vo\u0107nog okusa po plodu masline, blage gor\u010dine i pikantnosti. Savr\u0161eno pristaje uz ribu, \u0161kampe ili kozice.\" \/>\n<meta property=\"og:url\" content=\"https:\/\/www.vergal.hr\/de\/produkt\/olivenoel-leccino\/\" \/>\n<meta property=\"og:site_name\" content=\"Maslinovo ulje Vergal\" \/>\n<meta property=\"article:publisher\" content=\"https:\/\/www.facebook.com\/VergalOliveOil\/\" \/>\n<meta property=\"article:modified_time\" content=\"2025-04-10T08:23:10+00:00\" \/>\n<meta property=\"og:image\" content=\"https:\/\/www.vergal.hr\/wp-content\/uploads\/2020\/06\/leccino-500.jpg\" \/>\n\t<meta property=\"og:image:width\" content=\"600\" \/>\n\t<meta property=\"og:image:height\" content=\"900\" \/>\n\t<meta property=\"og:image:type\" content=\"image\/jpeg\" \/>\n<meta name=\"twitter:card\" content=\"summary_large_image\" \/>\n<meta name=\"twitter:label1\" content=\"Gesch\u00e4tzte Lesezeit\" \/>\n\t<meta name=\"twitter:data1\" content=\"1\u00a0Minute\" \/>\n<script type=\"application\/ld+json\" class=\"yoast-schema-graph\">{\"@context\":\"https:\/\/schema.org\",\"@graph\":[{\"@type\":\"WebPage\",\"@id\":\"https:\/\/www.vergal.hr\/de\/produkt\/olivenoel-leccino\/\",\"url\":\"https:\/\/www.vergal.hr\/de\/produkt\/olivenoel-leccino\/\",\"name\":\"Oliven\u00f6l Leccino | Extra djevi\u010dansko maslinovo ulje\",\"isPartOf\":{\"@id\":\"https:\/\/www.vergal.hr\/de\/#website\"},\"datePublished\":\"2019-04-11T08:42:08+00:00\",\"dateModified\":\"2025-04-10T08:23:10+00:00\",\"description\":\"Ulje je izrazite kakvo\u0107e, izra\u017eeno svje\u017eeg mirisa, vo\u0107nog okusa po plodu masline, blage gor\u010dine i pikantnosti. Savr\u0161eno pristaje uz ribu, \u0161kampe ili kozice.\",\"breadcrumb\":{\"@id\":\"https:\/\/www.vergal.hr\/de\/produkt\/olivenoel-leccino\/#breadcrumb\"},\"inLanguage\":\"de\",\"potentialAction\":[{\"@type\":\"ReadAction\",\"target\":[\"https:\/\/www.vergal.hr\/de\/produkt\/olivenoel-leccino\/\"]}]},{\"@type\":\"BreadcrumbList\",\"@id\":\"https:\/\/www.vergal.hr\/de\/produkt\/olivenoel-leccino\/#breadcrumb\",\"itemListElement\":[{\"@type\":\"ListItem\",\"position\":1,\"name\":\"Po\u010detna stranica\",\"item\":\"https:\/\/www.vergal.hr\/de\/\"},{\"@type\":\"ListItem\",\"position\":2,\"name\":\"Webshop von Oliven\u00f6l Vergal \u2013 bestellen Sie unser Oliven\u00f6l mit nur ein paar Klicks!\",\"item\":\"https:\/\/www.vergal.hr\/de\/shop\/\"},{\"@type\":\"ListItem\",\"position\":3,\"name\":\"Oliven\u00f6l Leccino\"}]},{\"@type\":\"WebSite\",\"@id\":\"https:\/\/www.vergal.hr\/de\/#website\",\"url\":\"https:\/\/www.vergal.hr\/de\/\",\"name\":\"Maslinovo ulje Vergal\",\"description\":\"Ekstra djevi\u010dansko maslinovo ulje\",\"publisher\":{\"@id\":\"https:\/\/www.vergal.hr\/de\/#organization\"},\"potentialAction\":[{\"@type\":\"SearchAction\",\"target\":{\"@type\":\"EntryPoint\",\"urlTemplate\":\"https:\/\/www.vergal.hr\/de\/?s={search_term_string}\"},\"query-input\":\"required name=search_term_string\"}],\"inLanguage\":\"de\"},{\"@type\":\"Organization\",\"@id\":\"https:\/\/www.vergal.hr\/de\/#organization\",\"name\":\"Maslinovo ulje Vergal\",\"url\":\"https:\/\/www.vergal.hr\/de\/\",\"logo\":{\"@type\":\"ImageObject\",\"inLanguage\":\"de\",\"@id\":\"https:\/\/www.vergal.hr\/de\/#\/schema\/logo\/image\/\",\"url\":\"https:\/\/www.vergal.hr\/wp-content\/uploads\/2019\/04\/logo_231.png\",\"contentUrl\":\"https:\/\/www.vergal.hr\/wp-content\/uploads\/2019\/04\/logo_231.png\",\"width\":231,\"height\":351,\"caption\":\"Maslinovo ulje Vergal\"},\"image\":{\"@id\":\"https:\/\/www.vergal.hr\/de\/#\/schema\/logo\/image\/\"},\"sameAs\":[\"https:\/\/www.facebook.com\/VergalOliveOil\/\"]}]}<\/script>\n<!-- \/ Yoast SEO plugin. -->","yoast_head_json":{"title":"Oliven\u00f6l Leccino | Extra djevi\u010dansko maslinovo ulje","description":"Ulje je izrazite kakvo\u0107e, izra\u017eeno svje\u017eeg mirisa, vo\u0107nog okusa po plodu masline, blage gor\u010dine i pikantnosti. Savr\u0161eno pristaje uz ribu, \u0161kampe ili kozice.","robots":{"index":"index","follow":"follow","max-snippet":"max-snippet:-1","max-image-preview":"max-image-preview:large","max-video-preview":"max-video-preview:-1"},"canonical":"https:\/\/www.vergal.hr\/de\/produkt\/olivenoel-leccino\/","og_locale":"de_DE","og_type":"article","og_title":"Oliven\u00f6l Leccino | Extra djevi\u010dansko maslinovo ulje","og_description":"Ulje je izrazite kakvo\u0107e, izra\u017eeno svje\u017eeg mirisa, vo\u0107nog okusa po plodu masline, blage gor\u010dine i pikantnosti. Savr\u0161eno pristaje uz ribu, \u0161kampe ili kozice.","og_url":"https:\/\/www.vergal.hr\/de\/produkt\/olivenoel-leccino\/","og_site_name":"Maslinovo ulje Vergal","article_publisher":"https:\/\/www.facebook.com\/VergalOliveOil\/","article_modified_time":"2025-04-10T08:23:10+00:00","og_image":[{"width":600,"height":900,"url":"https:\/\/www.vergal.hr\/wp-content\/uploads\/2020\/06\/leccino-500.jpg","type":"image\/jpeg"}],"twitter_card":"summary_large_image","twitter_misc":{"Gesch\u00e4tzte Lesezeit":"1\u00a0Minute"},"schema":{"@context":"https:\/\/schema.org","@graph":[{"@type":"WebPage","@id":"https:\/\/www.vergal.hr\/de\/produkt\/olivenoel-leccino\/","url":"https:\/\/www.vergal.hr\/de\/produkt\/olivenoel-leccino\/","name":"Oliven\u00f6l Leccino | Extra djevi\u010dansko maslinovo ulje","isPartOf":{"@id":"https:\/\/www.vergal.hr\/de\/#website"},"datePublished":"2019-04-11T08:42:08+00:00","dateModified":"2025-04-10T08:23:10+00:00","description":"Ulje je izrazite kakvo\u0107e, izra\u017eeno svje\u017eeg mirisa, vo\u0107nog okusa po plodu masline, blage gor\u010dine i pikantnosti. Savr\u0161eno pristaje uz ribu, \u0161kampe ili kozice.","breadcrumb":{"@id":"https:\/\/www.vergal.hr\/de\/produkt\/olivenoel-leccino\/#breadcrumb"},"inLanguage":"de","potentialAction":[{"@type":"ReadAction","target":["https:\/\/www.vergal.hr\/de\/produkt\/olivenoel-leccino\/"]}]},{"@type":"BreadcrumbList","@id":"https:\/\/www.vergal.hr\/de\/produkt\/olivenoel-leccino\/#breadcrumb","itemListElement":[{"@type":"ListItem","position":1,"name":"Po\u010detna stranica","item":"https:\/\/www.vergal.hr\/de\/"},{"@type":"ListItem","position":2,"name":"Webshop von Oliven\u00f6l Vergal \u2013 bestellen Sie unser Oliven\u00f6l mit nur ein paar Klicks!","item":"https:\/\/www.vergal.hr\/de\/shop\/"},{"@type":"ListItem","position":3,"name":"Oliven\u00f6l Leccino"}]},{"@type":"WebSite","@id":"https:\/\/www.vergal.hr\/de\/#website","url":"https:\/\/www.vergal.hr\/de\/","name":"Maslinovo ulje Vergal","description":"Ekstra djevi\u010dansko maslinovo ulje","publisher":{"@id":"https:\/\/www.vergal.hr\/de\/#organization"},"potentialAction":[{"@type":"SearchAction","target":{"@type":"EntryPoint","urlTemplate":"https:\/\/www.vergal.hr\/de\/?s={search_term_string}"},"query-input":"required name=search_term_string"}],"inLanguage":"de"},{"@type":"Organization","@id":"https:\/\/www.vergal.hr\/de\/#organization","name":"Maslinovo ulje Vergal","url":"https:\/\/www.vergal.hr\/de\/","logo":{"@type":"ImageObject","inLanguage":"de","@id":"https:\/\/www.vergal.hr\/de\/#\/schema\/logo\/image\/","url":"https:\/\/www.vergal.hr\/wp-content\/uploads\/2019\/04\/logo_231.png","contentUrl":"https:\/\/www.vergal.hr\/wp-content\/uploads\/2019\/04\/logo_231.png","width":231,"height":351,"caption":"Maslinovo ulje Vergal"},"image":{"@id":"https:\/\/www.vergal.hr\/de\/#\/schema\/logo\/image\/"},"sameAs":["https:\/\/www.facebook.com\/VergalOliveOil\/"]}]}},"_links":{"self":[{"href":"https:\/\/www.vergal.hr\/de\/wp-json\/wp\/v2\/product\/1206"}],"collection":[{"href":"https:\/\/www.vergal.hr\/de\/wp-json\/wp\/v2\/product"}],"about":[{"href":"https:\/\/www.vergal.hr\/de\/wp-json\/wp\/v2\/types\/product"}],"wp:featuredmedia":[{"embeddable":true,"href":"https:\/\/www.vergal.hr\/de\/wp-json\/wp\/v2\/media\/1982"}],"wp:attachment":[{"href":"https:\/\/www.vergal.hr\/de\/wp-json\/wp\/v2\/media?parent=1206"}],"wp:term":[{"taxonomy":"product_cat","embeddable":true,"href":"https:\/\/www.vergal.hr\/de\/wp-json\/wp\/v2\/product_cat?post=1206"},{"taxonomy":"product_tag","embeddable":true,"href":"https:\/\/www.vergal.hr\/de\/wp-json\/wp\/v2\/product_tag?post=1206"}],"curies":[{"name":"wp","href":"https:\/\/api.w.org\/{rel}","templated":true}]}}