{"id":2842,"date":"2022-07-12T13:58:41","date_gmt":"2022-07-12T11:58:41","guid":{"rendered":"https:\/\/www.vergal.hr\/?page_id=2842"},"modified":"2022-07-13T08:38:31","modified_gmt":"2022-07-13T06:38:31","slug":"protezione-del-cunsumatore","status":"publish","type":"page","link":"https:\/\/www.vergal.hr\/it\/protezione-del-cunsumatore\/","title":{"rendered":"Protezione del cunsumatore"},"content":{"rendered":"<p>[et_pb_section fb_built=&#8221;1&#8243; admin_label=&#8221;section&#8221; _builder_version=&#8221;4.16&#8243; global_colors_info=&#8221;{}&#8221;][et_pb_row admin_label=&#8221;row&#8221; _builder_version=&#8221;4.16&#8243; background_size=&#8221;initial&#8221; background_position=&#8221;top_left&#8221; background_repeat=&#8221;repeat&#8221; global_colors_info=&#8221;{}&#8221;][et_pb_column type=&#8221;4_4&#8243; _builder_version=&#8221;4.16&#8243; custom_padding=&#8221;|||&#8221; global_colors_info=&#8221;{}&#8221; custom_padding__hover=&#8221;|||&#8221;][et_pb_text _builder_version=&#8221;4.17.4&#8243; _module_preset=&#8221;default&#8221; hover_enabled=&#8221;0&#8243; global_colors_info=&#8221;{}&#8221; sticky_enabled=&#8221;0&#8243;]<\/p>\n<h1>PROTEZIONE DEL CONSUMATORE<\/h1>\n<p>In conformit\u00e0 con la normativa a tutela dei consumatori, di seguito \u00e8 possibile trovare una notifica sulle modalit\u00e0 di presentazione, nonch\u00e9 un modulo di reclamo scritto: <\/p>\n<ul>\n<li><a href=\"https:\/\/www.vergal.hr\/wp-content\/uploads\/2022\/07\/Obavijest-o-nacinu-podnosenja-prigovora.pdf\" target=\"_blank\" rel=\"noopener noreferrer\">Avviso su come presentare un reclamo scritto del consumatore,<\/a><\/li>\n<li><a href=\"https:\/\/www.vergal.hr\/wp-content\/uploads\/2022\/07\/Written-complaint-of-the-consumer.pdf\" target=\"_blank\" rel=\"noopener noreferrer\">Reclamo scritto del consumatore &#8211; modulo.<\/a><\/li>\n<\/ul>\n<p>[\/et_pb_text][\/et_pb_column][\/et_pb_row][\/et_pb_section]<\/p>\n","protected":false},"excerpt":{"rendered":"<p>PROTEZIONE DEL CONSUMATORE In conformit\u00e0 con la normativa a tutela dei consumatori, di seguito \u00e8 possibile trovare una notifica sulle modalit\u00e0 di presentazione, nonch\u00e9 un modulo di reclamo scritto: Avviso su come presentare un reclamo scritto del consumatore, Reclamo scritto del consumatore &#8211; modulo.<\/p>\n","protected":false},"author":6,"featured_media":0,"parent":0,"menu_order":0,"comment_status":"closed","ping_status":"closed","template":"","meta":{"_et_pb_use_builder":"on","_et_pb_old_content":"","_et_gb_content_width":"","footnotes":""},"yoast_head":"<!-- This site is optimized with the Yoast SEO plugin v21.7 - https:\/\/yoast.com\/wordpress\/plugins\/seo\/ -->\n<title>Protezione del cunsumatore | Maslinovo ulje Vergal<\/title>\n<meta name=\"robots\" content=\"index, follow, max-snippet:-1, max-image-preview:large, max-video-preview:-1\" \/>\n<link rel=\"canonical\" href=\"https:\/\/www.vergal.hr\/it\/protezione-del-cunsumatore\/\" \/>\n<meta property=\"og:locale\" content=\"it_IT\" \/>\n<meta property=\"og:type\" content=\"article\" \/>\n<meta property=\"og:title\" content=\"Protezione del cunsumatore | Maslinovo ulje Vergal\" \/>\n<meta property=\"og:description\" content=\"PROTEZIONE DEL CONSUMATORE In conformit\u00e0 con la normativa a tutela dei consumatori, di seguito \u00e8 possibile trovare una notifica sulle modalit\u00e0 di presentazione, nonch\u00e9 un modulo di reclamo scritto: Avviso su come presentare un reclamo scritto del consumatore, Reclamo scritto del consumatore - modulo.\" \/>\n<meta property=\"og:url\" content=\"https:\/\/www.vergal.hr\/it\/protezione-del-cunsumatore\/\" \/>\n<meta property=\"og:site_name\" content=\"Maslinovo ulje Vergal\" \/>\n<meta property=\"article:publisher\" content=\"https:\/\/www.facebook.com\/VergalOliveOil\/\" \/>\n<meta property=\"article:modified_time\" content=\"2022-07-13T06:38:31+00:00\" \/>\n<meta property=\"og:image\" content=\"https:\/\/www.vergal.hr\/wp-content\/uploads\/2019\/04\/maslinik.jpg\" \/>\n\t<meta property=\"og:image:width\" content=\"1024\" \/>\n\t<meta property=\"og:image:height\" content=\"682\" \/>\n\t<meta property=\"og:image:type\" content=\"image\/jpeg\" \/>\n<meta name=\"twitter:card\" content=\"summary_large_image\" \/>\n<meta name=\"twitter:label1\" content=\"Tempo di lettura stimato\" \/>\n\t<meta name=\"twitter:data1\" content=\"1 minuto\" \/>\n<script type=\"application\/ld+json\" class=\"yoast-schema-graph\">{\"@context\":\"https:\/\/schema.org\",\"@graph\":[{\"@type\":\"WebPage\",\"@id\":\"https:\/\/www.vergal.hr\/it\/protezione-del-cunsumatore\/\",\"url\":\"https:\/\/www.vergal.hr\/it\/protezione-del-cunsumatore\/\",\"name\":\"Protezione del cunsumatore | Maslinovo ulje Vergal\",\"isPartOf\":{\"@id\":\"https:\/\/www.vergal.hr\/it\/#website\"},\"datePublished\":\"2022-07-12T11:58:41+00:00\",\"dateModified\":\"2022-07-13T06:38:31+00:00\",\"breadcrumb\":{\"@id\":\"https:\/\/www.vergal.hr\/it\/protezione-del-cunsumatore\/#breadcrumb\"},\"inLanguage\":\"it-IT\",\"potentialAction\":[{\"@type\":\"ReadAction\",\"target\":[\"https:\/\/www.vergal.hr\/it\/protezione-del-cunsumatore\/\"]}]},{\"@type\":\"BreadcrumbList\",\"@id\":\"https:\/\/www.vergal.hr\/it\/protezione-del-cunsumatore\/#breadcrumb\",\"itemListElement\":[{\"@type\":\"ListItem\",\"position\":1,\"name\":\"Po\u010detna stranica\",\"item\":\"https:\/\/www.vergal.hr\/it\/auto-draft\/\"},{\"@type\":\"ListItem\",\"position\":2,\"name\":\"Protezione del cunsumatore\"}]},{\"@type\":\"WebSite\",\"@id\":\"https:\/\/www.vergal.hr\/it\/#website\",\"url\":\"https:\/\/www.vergal.hr\/it\/\",\"name\":\"Maslinovo ulje Vergal\",\"description\":\"Ekstra djevi\u010dansko maslinovo ulje\",\"publisher\":{\"@id\":\"https:\/\/www.vergal.hr\/it\/#organization\"},\"potentialAction\":[{\"@type\":\"SearchAction\",\"target\":{\"@type\":\"EntryPoint\",\"urlTemplate\":\"https:\/\/www.vergal.hr\/it\/?s={search_term_string}\"},\"query-input\":\"required name=search_term_string\"}],\"inLanguage\":\"it-IT\"},{\"@type\":\"Organization\",\"@id\":\"https:\/\/www.vergal.hr\/it\/#organization\",\"name\":\"Maslinovo ulje Vergal\",\"url\":\"https:\/\/www.vergal.hr\/it\/\",\"logo\":{\"@type\":\"ImageObject\",\"inLanguage\":\"it-IT\",\"@id\":\"https:\/\/www.vergal.hr\/it\/#\/schema\/logo\/image\/\",\"url\":\"https:\/\/www.vergal.hr\/wp-content\/uploads\/2019\/04\/logo_231.png\",\"contentUrl\":\"https:\/\/www.vergal.hr\/wp-content\/uploads\/2019\/04\/logo_231.png\",\"width\":231,\"height\":351,\"caption\":\"Maslinovo ulje Vergal\"},\"image\":{\"@id\":\"https:\/\/www.vergal.hr\/it\/#\/schema\/logo\/image\/\"},\"sameAs\":[\"https:\/\/www.facebook.com\/VergalOliveOil\/\"]}]}<\/script>\n<!-- \/ Yoast SEO plugin. -->","yoast_head_json":{"title":"Protezione del cunsumatore | Maslinovo ulje Vergal","robots":{"index":"index","follow":"follow","max-snippet":"max-snippet:-1","max-image-preview":"max-image-preview:large","max-video-preview":"max-video-preview:-1"},"canonical":"https:\/\/www.vergal.hr\/it\/protezione-del-cunsumatore\/","og_locale":"it_IT","og_type":"article","og_title":"Protezione del cunsumatore | Maslinovo ulje Vergal","og_description":"PROTEZIONE DEL CONSUMATORE In conformit\u00e0 con la normativa a tutela dei consumatori, di seguito \u00e8 possibile trovare una notifica sulle modalit\u00e0 di presentazione, nonch\u00e9 un modulo di reclamo scritto: Avviso su come presentare un reclamo scritto del consumatore, Reclamo scritto del consumatore - modulo.","og_url":"https:\/\/www.vergal.hr\/it\/protezione-del-cunsumatore\/","og_site_name":"Maslinovo ulje Vergal","article_publisher":"https:\/\/www.facebook.com\/VergalOliveOil\/","article_modified_time":"2022-07-13T06:38:31+00:00","og_image":[{"width":1024,"height":682,"url":"https:\/\/www.vergal.hr\/wp-content\/uploads\/2019\/04\/maslinik.jpg","type":"image\/jpeg"}],"twitter_card":"summary_large_image","twitter_misc":{"Tempo di lettura stimato":"1 minuto"},"schema":{"@context":"https:\/\/schema.org","@graph":[{"@type":"WebPage","@id":"https:\/\/www.vergal.hr\/it\/protezione-del-cunsumatore\/","url":"https:\/\/www.vergal.hr\/it\/protezione-del-cunsumatore\/","name":"Protezione del cunsumatore | Maslinovo ulje Vergal","isPartOf":{"@id":"https:\/\/www.vergal.hr\/it\/#website"},"datePublished":"2022-07-12T11:58:41+00:00","dateModified":"2022-07-13T06:38:31+00:00","breadcrumb":{"@id":"https:\/\/www.vergal.hr\/it\/protezione-del-cunsumatore\/#breadcrumb"},"inLanguage":"it-IT","potentialAction":[{"@type":"ReadAction","target":["https:\/\/www.vergal.hr\/it\/protezione-del-cunsumatore\/"]}]},{"@type":"BreadcrumbList","@id":"https:\/\/www.vergal.hr\/it\/protezione-del-cunsumatore\/#breadcrumb","itemListElement":[{"@type":"ListItem","position":1,"name":"Po\u010detna stranica","item":"https:\/\/www.vergal.hr\/it\/auto-draft\/"},{"@type":"ListItem","position":2,"name":"Protezione del cunsumatore"}]},{"@type":"WebSite","@id":"https:\/\/www.vergal.hr\/it\/#website","url":"https:\/\/www.vergal.hr\/it\/","name":"Maslinovo ulje Vergal","description":"Ekstra djevi\u010dansko maslinovo ulje","publisher":{"@id":"https:\/\/www.vergal.hr\/it\/#organization"},"potentialAction":[{"@type":"SearchAction","target":{"@type":"EntryPoint","urlTemplate":"https:\/\/www.vergal.hr\/it\/?s={search_term_string}"},"query-input":"required name=search_term_string"}],"inLanguage":"it-IT"},{"@type":"Organization","@id":"https:\/\/www.vergal.hr\/it\/#organization","name":"Maslinovo ulje Vergal","url":"https:\/\/www.vergal.hr\/it\/","logo":{"@type":"ImageObject","inLanguage":"it-IT","@id":"https:\/\/www.vergal.hr\/it\/#\/schema\/logo\/image\/","url":"https:\/\/www.vergal.hr\/wp-content\/uploads\/2019\/04\/logo_231.png","contentUrl":"https:\/\/www.vergal.hr\/wp-content\/uploads\/2019\/04\/logo_231.png","width":231,"height":351,"caption":"Maslinovo ulje Vergal"},"image":{"@id":"https:\/\/www.vergal.hr\/it\/#\/schema\/logo\/image\/"},"sameAs":["https:\/\/www.facebook.com\/VergalOliveOil\/"]}]}},"_links":{"self":[{"href":"https:\/\/www.vergal.hr\/it\/wp-json\/wp\/v2\/pages\/2842"}],"collection":[{"href":"https:\/\/www.vergal.hr\/it\/wp-json\/wp\/v2\/pages"}],"about":[{"href":"https:\/\/www.vergal.hr\/it\/wp-json\/wp\/v2\/types\/page"}],"author":[{"embeddable":true,"href":"https:\/\/www.vergal.hr\/it\/wp-json\/wp\/v2\/users\/6"}],"replies":[{"embeddable":true,"href":"https:\/\/www.vergal.hr\/it\/wp-json\/wp\/v2\/comments?post=2842"}],"version-history":[{"count":3,"href":"https:\/\/www.vergal.hr\/it\/wp-json\/wp\/v2\/pages\/2842\/revisions"}],"predecessor-version":[{"id":2900,"href":"https:\/\/www.vergal.hr\/it\/wp-json\/wp\/v2\/pages\/2842\/revisions\/2900"}],"wp:attachment":[{"href":"https:\/\/www.vergal.hr\/it\/wp-json\/wp\/v2\/media?parent=2842"}],"curies":[{"name":"wp","href":"https:\/\/api.w.org\/{rel}","templated":true}]}}