{"id":1211,"date":"2019-04-11T08:42:08","date_gmt":"2019-04-11T08:42:08","guid":{"rendered":"https:\/\/www.vergal.hr\/product\/maslinovo-ulje-leccino\/"},"modified":"2025-04-10T10:23:35","modified_gmt":"2025-04-10T08:23:35","slug":"olio-doliva-leccino","status":"publish","type":"product","link":"https:\/\/www.vergal.hr\/it\/prodotto\/olio-doliva-leccino\/","title":{"rendered":"Olio d&#8217;oliva Leccino"},"content":{"rendered":"","protected":false},"excerpt":{"rendered":"<p>Olio di qualit\u00e0 eccellente, di profumo particolarmente fresco e sapore fruttato che riprende quello del frutto stesso con un leggero sentore di amaro e piccante. Si sposa perfettamente con pesce, scampi o gamberetti, calamari e seppie alla griglia, nonch\u00e9 con vari tipi di insalate.<\/p>\n<p>&#8211; The New York International Olive Oil Competition (NYIOOC) 2023 e 2025. \u2013 GOLD AWARD<\/p>\n<p>&#8211; Nel 2017, Vergal Leccino \u00e8 stato dichiarato campione del concorso regionale per gli oli d&#8217;oliva dell&#8217;Istria croata e slovena DOSI.<\/p>\n","protected":false},"featured_media":1983,"template":"","meta":{"_et_pb_use_builder":"","_et_pb_old_content":"","_et_gb_content_width":""},"product_cat":[126],"product_tag":[],"yoast_head":"<!-- This site is optimized with the Yoast SEO plugin v21.7 - https:\/\/yoast.com\/wordpress\/plugins\/seo\/ -->\n<title>Olio d&#039;oliva Leccino | Extra djevi\u010dansko maslinovo ulje<\/title>\n<meta name=\"description\" content=\"Ulje je izrazite kakvo\u0107e, izra\u017eeno svje\u017eeg mirisa, vo\u0107nog okusa po plodu masline, blage gor\u010dine i pikantnosti. Savr\u0161eno pristaje uz ribu, \u0161kampe ili kozice.\" \/>\n<meta name=\"robots\" content=\"index, follow, max-snippet:-1, max-image-preview:large, max-video-preview:-1\" \/>\n<link rel=\"canonical\" href=\"https:\/\/www.vergal.hr\/it\/prodotto\/olio-doliva-leccino\/\" \/>\n<meta property=\"og:locale\" content=\"it_IT\" \/>\n<meta property=\"og:type\" content=\"article\" \/>\n<meta property=\"og:title\" content=\"Olio d&#039;oliva Leccino | Extra djevi\u010dansko maslinovo ulje\" \/>\n<meta property=\"og:description\" content=\"Ulje je izrazite kakvo\u0107e, izra\u017eeno svje\u017eeg mirisa, vo\u0107nog okusa po plodu masline, blage gor\u010dine i pikantnosti. Savr\u0161eno pristaje uz ribu, \u0161kampe ili kozice.\" \/>\n<meta property=\"og:url\" content=\"https:\/\/www.vergal.hr\/it\/prodotto\/olio-doliva-leccino\/\" \/>\n<meta property=\"og:site_name\" content=\"Maslinovo ulje Vergal\" \/>\n<meta property=\"article:publisher\" content=\"https:\/\/www.facebook.com\/VergalOliveOil\/\" \/>\n<meta property=\"article:modified_time\" content=\"2025-04-10T08:23:35+00:00\" \/>\n<meta property=\"og:image\" content=\"https:\/\/www.vergal.hr\/wp-content\/uploads\/2020\/06\/leccino-500.jpg\" \/>\n\t<meta property=\"og:image:width\" content=\"600\" \/>\n\t<meta property=\"og:image:height\" content=\"900\" \/>\n\t<meta property=\"og:image:type\" content=\"image\/jpeg\" \/>\n<meta name=\"twitter:card\" content=\"summary_large_image\" \/>\n<meta name=\"twitter:label1\" content=\"Tempo di lettura stimato\" \/>\n\t<meta name=\"twitter:data1\" content=\"1 minuto\" \/>\n<script type=\"application\/ld+json\" class=\"yoast-schema-graph\">{\"@context\":\"https:\/\/schema.org\",\"@graph\":[{\"@type\":\"WebPage\",\"@id\":\"https:\/\/www.vergal.hr\/it\/prodotto\/olio-doliva-leccino\/\",\"url\":\"https:\/\/www.vergal.hr\/it\/prodotto\/olio-doliva-leccino\/\",\"name\":\"Olio d'oliva Leccino | Extra djevi\u010dansko maslinovo ulje\",\"isPartOf\":{\"@id\":\"https:\/\/www.vergal.hr\/it\/#website\"},\"datePublished\":\"2019-04-11T08:42:08+00:00\",\"dateModified\":\"2025-04-10T08:23:35+00:00\",\"description\":\"Ulje je izrazite kakvo\u0107e, izra\u017eeno svje\u017eeg mirisa, vo\u0107nog okusa po plodu masline, blage gor\u010dine i pikantnosti. Savr\u0161eno pristaje uz ribu, \u0161kampe ili kozice.\",\"breadcrumb\":{\"@id\":\"https:\/\/www.vergal.hr\/it\/prodotto\/olio-doliva-leccino\/#breadcrumb\"},\"inLanguage\":\"it-IT\",\"potentialAction\":[{\"@type\":\"ReadAction\",\"target\":[\"https:\/\/www.vergal.hr\/it\/prodotto\/olio-doliva-leccino\/\"]}]},{\"@type\":\"BreadcrumbList\",\"@id\":\"https:\/\/www.vergal.hr\/it\/prodotto\/olio-doliva-leccino\/#breadcrumb\",\"itemListElement\":[{\"@type\":\"ListItem\",\"position\":1,\"name\":\"Po\u010detna stranica\",\"item\":\"https:\/\/www.vergal.hr\/it\/auto-draft\/\"},{\"@type\":\"ListItem\",\"position\":2,\"name\":\"Negozio online di olio di oliva Vergal: ordina il nostro olio di oliva in pochi clic!\",\"item\":\"https:\/\/www.vergal.hr\/it\/negozio\/\"},{\"@type\":\"ListItem\",\"position\":3,\"name\":\"Olio d&#8217;oliva Leccino\"}]},{\"@type\":\"WebSite\",\"@id\":\"https:\/\/www.vergal.hr\/it\/#website\",\"url\":\"https:\/\/www.vergal.hr\/it\/\",\"name\":\"Maslinovo ulje Vergal\",\"description\":\"Ekstra djevi\u010dansko maslinovo ulje\",\"publisher\":{\"@id\":\"https:\/\/www.vergal.hr\/it\/#organization\"},\"potentialAction\":[{\"@type\":\"SearchAction\",\"target\":{\"@type\":\"EntryPoint\",\"urlTemplate\":\"https:\/\/www.vergal.hr\/it\/?s={search_term_string}\"},\"query-input\":\"required name=search_term_string\"}],\"inLanguage\":\"it-IT\"},{\"@type\":\"Organization\",\"@id\":\"https:\/\/www.vergal.hr\/it\/#organization\",\"name\":\"Maslinovo ulje Vergal\",\"url\":\"https:\/\/www.vergal.hr\/it\/\",\"logo\":{\"@type\":\"ImageObject\",\"inLanguage\":\"it-IT\",\"@id\":\"https:\/\/www.vergal.hr\/it\/#\/schema\/logo\/image\/\",\"url\":\"https:\/\/www.vergal.hr\/wp-content\/uploads\/2019\/04\/logo_231.png\",\"contentUrl\":\"https:\/\/www.vergal.hr\/wp-content\/uploads\/2019\/04\/logo_231.png\",\"width\":231,\"height\":351,\"caption\":\"Maslinovo ulje Vergal\"},\"image\":{\"@id\":\"https:\/\/www.vergal.hr\/it\/#\/schema\/logo\/image\/\"},\"sameAs\":[\"https:\/\/www.facebook.com\/VergalOliveOil\/\"]}]}<\/script>\n<!-- \/ Yoast SEO plugin. -->","yoast_head_json":{"title":"Olio d'oliva Leccino | Extra djevi\u010dansko maslinovo ulje","description":"Ulje je izrazite kakvo\u0107e, izra\u017eeno svje\u017eeg mirisa, vo\u0107nog okusa po plodu masline, blage gor\u010dine i pikantnosti. Savr\u0161eno pristaje uz ribu, \u0161kampe ili kozice.","robots":{"index":"index","follow":"follow","max-snippet":"max-snippet:-1","max-image-preview":"max-image-preview:large","max-video-preview":"max-video-preview:-1"},"canonical":"https:\/\/www.vergal.hr\/it\/prodotto\/olio-doliva-leccino\/","og_locale":"it_IT","og_type":"article","og_title":"Olio d'oliva Leccino | Extra djevi\u010dansko maslinovo ulje","og_description":"Ulje je izrazite kakvo\u0107e, izra\u017eeno svje\u017eeg mirisa, vo\u0107nog okusa po plodu masline, blage gor\u010dine i pikantnosti. Savr\u0161eno pristaje uz ribu, \u0161kampe ili kozice.","og_url":"https:\/\/www.vergal.hr\/it\/prodotto\/olio-doliva-leccino\/","og_site_name":"Maslinovo ulje Vergal","article_publisher":"https:\/\/www.facebook.com\/VergalOliveOil\/","article_modified_time":"2025-04-10T08:23:35+00:00","og_image":[{"width":600,"height":900,"url":"https:\/\/www.vergal.hr\/wp-content\/uploads\/2020\/06\/leccino-500.jpg","type":"image\/jpeg"}],"twitter_card":"summary_large_image","twitter_misc":{"Tempo di lettura stimato":"1 minuto"},"schema":{"@context":"https:\/\/schema.org","@graph":[{"@type":"WebPage","@id":"https:\/\/www.vergal.hr\/it\/prodotto\/olio-doliva-leccino\/","url":"https:\/\/www.vergal.hr\/it\/prodotto\/olio-doliva-leccino\/","name":"Olio d'oliva Leccino | Extra djevi\u010dansko maslinovo ulje","isPartOf":{"@id":"https:\/\/www.vergal.hr\/it\/#website"},"datePublished":"2019-04-11T08:42:08+00:00","dateModified":"2025-04-10T08:23:35+00:00","description":"Ulje je izrazite kakvo\u0107e, izra\u017eeno svje\u017eeg mirisa, vo\u0107nog okusa po plodu masline, blage gor\u010dine i pikantnosti. Savr\u0161eno pristaje uz ribu, \u0161kampe ili kozice.","breadcrumb":{"@id":"https:\/\/www.vergal.hr\/it\/prodotto\/olio-doliva-leccino\/#breadcrumb"},"inLanguage":"it-IT","potentialAction":[{"@type":"ReadAction","target":["https:\/\/www.vergal.hr\/it\/prodotto\/olio-doliva-leccino\/"]}]},{"@type":"BreadcrumbList","@id":"https:\/\/www.vergal.hr\/it\/prodotto\/olio-doliva-leccino\/#breadcrumb","itemListElement":[{"@type":"ListItem","position":1,"name":"Po\u010detna stranica","item":"https:\/\/www.vergal.hr\/it\/auto-draft\/"},{"@type":"ListItem","position":2,"name":"Negozio online di olio di oliva Vergal: ordina il nostro olio di oliva in pochi clic!","item":"https:\/\/www.vergal.hr\/it\/negozio\/"},{"@type":"ListItem","position":3,"name":"Olio d&#8217;oliva Leccino"}]},{"@type":"WebSite","@id":"https:\/\/www.vergal.hr\/it\/#website","url":"https:\/\/www.vergal.hr\/it\/","name":"Maslinovo ulje Vergal","description":"Ekstra djevi\u010dansko maslinovo ulje","publisher":{"@id":"https:\/\/www.vergal.hr\/it\/#organization"},"potentialAction":[{"@type":"SearchAction","target":{"@type":"EntryPoint","urlTemplate":"https:\/\/www.vergal.hr\/it\/?s={search_term_string}"},"query-input":"required name=search_term_string"}],"inLanguage":"it-IT"},{"@type":"Organization","@id":"https:\/\/www.vergal.hr\/it\/#organization","name":"Maslinovo ulje Vergal","url":"https:\/\/www.vergal.hr\/it\/","logo":{"@type":"ImageObject","inLanguage":"it-IT","@id":"https:\/\/www.vergal.hr\/it\/#\/schema\/logo\/image\/","url":"https:\/\/www.vergal.hr\/wp-content\/uploads\/2019\/04\/logo_231.png","contentUrl":"https:\/\/www.vergal.hr\/wp-content\/uploads\/2019\/04\/logo_231.png","width":231,"height":351,"caption":"Maslinovo ulje Vergal"},"image":{"@id":"https:\/\/www.vergal.hr\/it\/#\/schema\/logo\/image\/"},"sameAs":["https:\/\/www.facebook.com\/VergalOliveOil\/"]}]}},"_links":{"self":[{"href":"https:\/\/www.vergal.hr\/it\/wp-json\/wp\/v2\/product\/1211"}],"collection":[{"href":"https:\/\/www.vergal.hr\/it\/wp-json\/wp\/v2\/product"}],"about":[{"href":"https:\/\/www.vergal.hr\/it\/wp-json\/wp\/v2\/types\/product"}],"wp:featuredmedia":[{"embeddable":true,"href":"https:\/\/www.vergal.hr\/it\/wp-json\/wp\/v2\/media\/1983"}],"wp:attachment":[{"href":"https:\/\/www.vergal.hr\/it\/wp-json\/wp\/v2\/media?parent=1211"}],"wp:term":[{"taxonomy":"product_cat","embeddable":true,"href":"https:\/\/www.vergal.hr\/it\/wp-json\/wp\/v2\/product_cat?post=1211"},{"taxonomy":"product_tag","embeddable":true,"href":"https:\/\/www.vergal.hr\/it\/wp-json\/wp\/v2\/product_tag?post=1211"}],"curies":[{"name":"wp","href":"https:\/\/api.w.org\/{rel}","templated":true}]}}