{"id":2014,"date":"2020-06-18T16:38:39","date_gmt":"2020-06-18T14:38:39","guid":{"rendered":"https:\/\/www.vergal.hr\/pravila-o-zasciti-zasebnosti\/"},"modified":"2022-07-13T08:45:51","modified_gmt":"2022-07-13T06:45:51","slug":"pravila-o-zasciti-zasebnosti","status":"publish","type":"page","link":"https:\/\/www.vergal.hr\/sl\/pravila-o-zasciti-zasebnosti\/","title":{"rendered":"Pravila o za\u0161\u010diti zasebnosti"},"content":{"rendered":"[et_pb_section fb_built=&#8221;1&#8243; _builder_version=&#8221;4.16&#8243; global_colors_info=&#8221;{}&#8221;][et_pb_row _builder_version=&#8221;4.16&#8243; background_size=&#8221;initial&#8221; background_position=&#8221;top_left&#8221; background_repeat=&#8221;repeat&#8221; global_colors_info=&#8221;{}&#8221;][et_pb_column type=&#8221;4_4&#8243; _builder_version=&#8221;4.16&#8243; custom_padding=&#8221;|||&#8221; global_colors_info=&#8221;{}&#8221; custom_padding__hover=&#8221;|||&#8221;][et_pb_text _builder_version=&#8221;4.17.4&#8243; background_size=&#8221;initial&#8221; background_position=&#8221;top_left&#8221; background_repeat=&#8221;repeat&#8221; hover_enabled=&#8221;0&#8243; global_colors_info=&#8221;{}&#8221; sticky_enabled=&#8221;0&#8243;]\n<h1 class=\"wp-block-heading\">Pravila o za\u0161\u010diti zasebnosti<\/h1>\nAminess d. d., OIB: 58935879058, \u0160kverska 8, 52 466 Novigrad (v nadaljnjem besedilu:\u00a0&#8216;Aminess&#8217; ili &#8216;mi&#8217;) ki posluje pod znamko Aminess hotels &amp; campsites,\u00a0\u017eeli s temi Pravili o za\u0161\u010diti zasebnosti nuditi informacije o namenih in pogojih obdelave va\u0161ih osebnih podatkov, zbranih v zvezi z uporabo spletne strani <a href=\"https:\/\/www.vergal.hr\">www.vergal.hr<\/a>.\n\nNa\u0161e politike opisujejo vrsto osebnih podatkov, ki jih zbiramo in obdelujemo, razloge za obdelavo podatkov, \u010das hrambe, varnostne ukrepe, ki jih sprejmemo za za\u0161\u010dito osebnih podatkov pred zlorabo, in postopke, ki jih morate upo\u0161tevati, \u010de imate kakr\u0161na koli vpra\u0161anja ali zahteve v zvezi z va\u0161imi osebnimi podatki.\n\nPodatki, ki jih zbiramo, so odvisni od vrste spletne storitve, in to so:\n<ul>\n \t<li><strong>Spletna povpra\u0161evanja<\/strong>: ime, priimek, naslov, e-naslov, telefonska \u0161tevilka<\/li>\n \t<li><strong>Prodaja in pla\u010dilo spletnih storitev (kupoprodaja izdelkov)<\/strong>: ime, priimek, e-naslov, telefon, podatki o pla\u010dilu<\/li>\n<\/ul>\nAminess obdeluje va\u0161e osebne podatke za naslednje namene:\n<h2>NARO\u010cEVANJE IZDELKOV<\/h2>\nKo nam po\u0161ljete povpra\u0161evanje za naro\u010dilo izdelka, shranimo va\u0161e ime in priimek, va\u0161 doma\u010di naslov, e-naslov in telefonsko \u0161tevilko ter druge podatke, ki jih potrebujemo za zagotovitev zahtevane storitve in dostavo izdelka.\n\nUporabnikom na\u0161e spletne strani zagotavljamo najvi\u0161jo raven varstva podatkov. Za potrditev verodostojnosti na\u0161ih spletnih strani in varni prenos podatkov med va\u0161im ra\u010dunalnikom in na\u0161imi stre\u017eniki uporabljamo certifikat\u00a0SSL priznanega izdajatelja in \u0161ifriranje komunikacije. Vsi osebni podatki, \u0161tevilke osebnih dokumentov, kreditnih kartic ali druga pla\u010dilna sredstva, ki jih uporabniki dostavijo prek rezervacijskega sistema, se po\u0161iljajo izklju\u010dno prek \u0161ifrirane zveze, zavarovane v skladu z veljavnimi mednarodnimi standardi.\n<h2>OBVESTILA O STORITVI<\/h2>\nVa\u0161e osebne podatke bomo omejeno \u010dasovno obdobje obdelovali, tudi da bi vam poslali obvestila o storitvi, posebnih ponudbah, ugodnostih, popustih in novicah v na\u0161i ponudbi, za katere menimo, da ste pokazali o\u010ditno zanimanje in, ki predstavljajo uresni\u010ditev na\u0161ega zakonitega interesa.\n\nObdelavi lahko kadar koli ugovarjate in zavrnete prejemanje tak\u0161nih sporo\u010dil, tako da v prejetem sporo\u010dilu izberete ustrezno mo\u017enost.\n<h2>UREJANJE REKLAMACIJ IN ODGOVORI NA POVPRA\u0160EVANJA<\/h2>\nZa odgovor na vsa va\u0161a povpra\u0161evanja ali morebitne reklamacije potrebujemo podatke o va\u0161em imenu in priimku ter e-po\u0161tni naslov, na katerega bomo poslali zahtevane podatke. \u010ce nas kontaktirate zaradi povpra\u0161evanja, se podatki, ki nam jih posredujete, obdelujejo izklju\u010dno za zagotovitev potrebnih informacij. Po odgovoru na va\u0161e povpra\u0161evanje bomo dostavljene podatke izbrisali.\n\nOsebni podatki, potrebni za re\u0161evanje reklamacij na opravljeno storitev, se hranijo leto dni od dneva prejema v skladu s predpisi, ki urejajo pravice potro\u0161nikov in opravljanje gostinskih storitev.\n<h2>PREJEMNIKI OSEBNIH PODATKOV<\/h2>\nIzjemoma smo na podlagi pisne zahteve, ki temelji na veljavnih predpisih, dol\u017eni dostaviti ali zagotoviti dostop do dolo\u010denih osebnih podatkov pristojnim dr\u017eavnim organom (npr. sodi\u0161\u010dem, policiji, regulativnim organom itd.).\n\nSamo kadar je to potrebno za zagotavljanje na\u0161e storitve, se osebni podatki posredujejo tudi zaupanja vrednim partnerjem (obdelovalcem), da se omogo\u010di podpora uporabnikom, vzdr\u017eevanje informacijskega sistema ali izpolnitev podobnih potreb hkrati z obveznimi ukrepi za varstvo podatkov.\n<h2>UKREPI ZA ZA\u0160\u010cITO OSEBNIH PODATKOV<\/h2>\nZbrane osebne podatke obdelujemo z obvezno uporabo ustreznih zakonskih, tehni\u010dnih in organizacijskih varnostnih ukrepov, da prepre\u010dimo kakr\u0161no koli nepoobla\u0161\u010deno obdelavo podatkov. Zbiramo le tiste podatke, ki so potrebni za obdelavo in jih ne hranimo dlje, kot je to potrebno oziroma kot dolo\u010dajo zakonski predpisi.\n<h2>PRAVICE UPORABNIKOV PRI OBDELAVI OSEBNIH PODATKOV<\/h2>\nGlede na namen in pravno podlago obdelave osebnih podatkov lahko vedno zahtevate:\n<ul>\n \t<li>dostop do osebnih podatkov<\/li>\n \t<li>popravek osebnih podatkov<\/li>\n \t<li>izbris osebnih podatkov<\/li>\n \t<li>omejitev obdelave osebnih podatkov.<\/li>\n<\/ul>\n\u010ce menite, da je bila kr\u0161ena katera koli od va\u0161ih pravic, lahko vlo\u017eite prito\u017ebo na obdelavo osebnih podatkov pri nacionalnem nadzornem organu. V Republiki Hrva\u0161ki je nadzorni organ Agencija za za\u0161titu osobnih podataka, Marti\u0107eva 14, 10 000 Zagreb, azop@azop.hr.\n<h2>KONTAKT ZA ZA\u0160\u010cITO OSEBNIH PODATKOV<\/h2>\nZahteve, prito\u017ebe ali poizvedbe v zvezi z obdelavo in varovanjem osebnih podatkov lahko naslovite na:\n<ul>\n \t<li>e-naslov: <a href=\"mailto:privacy@aminess.com\">privacy@aminess.com<\/a><\/li>\n \t<li>po\u0161tni naslov: Aminess d. d., \u0160kverska 8, 52466 Novigrad<\/li>\n<\/ul>\nV skladu z veljavnimi zakonskimi predpisi, ki urejajo varstvo osebnih podatkov, bo vsaka zahteva \/ poizvedba re\u0161ena v najkraj\u0161em mo\u017enem \u010dasu, najpozneje pa v 30 dneh po prejemu.\n\nOb kontaktu in postavljanju navedenih zahtev se bomo razumno potrudili, da preverimo Va\u0161o identiteto in prepre\u010dimo nepoobla\u0161\u010deno obdelavo osebnih podatkov.\n\nKontakt uslu\u017ebenca za za\u0161\u010dito podatkov:\nE-naslov: privacy@aminess.com\n\u0160kverska 8, 52466 Novigrad\n<h2>SPREMEMBE IN DOPOLNITVE PRAVIL<\/h2>\nTa Pravila veljajo od 15. 10. 2019.\n\nObvestilo o spremembah in dopolnitvah Pravil bo pravo\u010dasno dostopno na tej spletni strani.\n\n[\/et_pb_text][\/et_pb_column][\/et_pb_row][\/et_pb_section]","protected":false},"excerpt":{"rendered":"<p>Pravila o za\u0161\u010diti zasebnosti Aminess d. d., OIB: 58935879058, \u0160kverska 8, 52 466 Novigrad (v nadaljnjem besedilu:\u00a0&#8216;Aminess&#8217; ili &#8216;mi&#8217;) ki posluje pod znamko Aminess hotels &amp; campsites,\u00a0\u017eeli s temi Pravili o za\u0161\u010diti zasebnosti nuditi informacije o namenih in pogojih obdelave va\u0161ih osebnih podatkov, zbranih v zvezi z uporabo spletne strani www.vergal.hr. Na\u0161e politike opisujejo vrsto [&hellip;]<\/p>\n","protected":false},"author":6,"featured_media":0,"parent":0,"menu_order":50,"comment_status":"closed","ping_status":"closed","template":"","meta":{"_et_pb_use_builder":"on","_et_pb_old_content":"<!-- wp:heading --><h2>Who we are<\/h2><!-- \/wp:heading --><!-- wp:paragraph --><p>Our website address is: https:\/\/www.vergal.hr.<\/p><!-- \/wp:paragraph --><!-- wp:heading --><h2>What personal data we collect and why we collect it<\/h2><!-- \/wp:heading --><!-- wp:heading {\"level\":3} --><h3>Comments<\/h3><!-- \/wp:heading --><!-- wp:paragraph --><p>When visitors leave comments on the site we collect the data shown in the comments form, and also the visitor\u2019s IP address and browser user agent string to help spam detection.<\/p><!-- \/wp:paragraph --><!-- wp:paragraph --><p>An anonymized string created from your email address (also called a hash) may be provided to the Gravatar service to see if you are using it. The Gravatar service privacy policy is available here: https:\/\/automattic.com\/privacy\/. After approval of your comment, your profile picture is visible to the public in the context of your comment.<\/p><!-- \/wp:paragraph --><!-- wp:heading {\"level\":3} --><h3>Media<\/h3><!-- \/wp:heading --><!-- wp:paragraph --><p>If you upload images to the website, you should avoid uploading images with embedded location data (EXIF GPS) included. Visitors to the website can download and extract any location data from images on the website.<\/p><!-- \/wp:paragraph --><!-- wp:heading {\"level\":3} --><h3>Contact forms<\/h3><!-- \/wp:heading --><!-- wp:heading {\"level\":3} --><h3>Cookies<\/h3><!-- \/wp:heading --><!-- wp:paragraph --><p>If you leave a comment on our site you may opt-in to saving your name, email address and website in cookies. These are for your convenience so that you do not have to fill in your details again when you leave another comment. These cookies will last for one year.<\/p><!-- \/wp:paragraph --><!-- wp:paragraph --><p>If you have an account and you log in to this site, we will set a temporary cookie to determine if your browser accepts cookies. This cookie contains no personal data and is discarded when you close your browser.<\/p><!-- \/wp:paragraph --><!-- wp:paragraph --><p>When you log in, we will also set up several cookies to save your login information and your screen display choices. Login cookies last for two days, and screen options cookies last for a year. If you select \"Remember Me\", your login will persist for two weeks. If you log out of your account, the login cookies will be removed.<\/p><!-- \/wp:paragraph --><!-- wp:paragraph --><p>If you edit or publish an article, an additional cookie will be saved in your browser. This cookie includes no personal data and simply indicates the post ID of the article you just edited. It expires after 1 day.<\/p><!-- \/wp:paragraph --><!-- wp:heading {\"level\":3} --><h3>Embedded content from other websites<\/h3><!-- \/wp:heading --><!-- wp:paragraph --><p>Articles on this site may include embedded content (e.g. videos, images, articles, etc.). Embedded content from other websites behaves in the exact same way as if the visitor has visited the other website.<\/p><!-- \/wp:paragraph --><!-- wp:paragraph --><p>These websites may collect data about you, use cookies, embed additional third-party tracking, and monitor your interaction with that embedded content, including tracking your interaction with the embedded content if you have an account and are logged in to that website.<\/p><!-- \/wp:paragraph --><!-- wp:heading {\"level\":3} --><h3>Analytics<\/h3><!-- \/wp:heading --><!-- wp:heading --><h2>Who we share your data with<\/h2><!-- \/wp:heading --><!-- wp:heading --><h2>How long we retain your data<\/h2><!-- \/wp:heading --><!-- wp:paragraph --><p>If you leave a comment, the comment and its metadata are retained indefinitely. This is so we can recognize and approve any follow-up comments automatically instead of holding them in a moderation queue.<\/p><!-- \/wp:paragraph --><!-- wp:paragraph --><p>For users that register on our website (if any), we also store the personal information they provide in their user profile. All users can see, edit, or delete their personal information at any time (except they cannot change their username). Website administrators can also see and edit that information.<\/p><!-- \/wp:paragraph --><!-- wp:heading --><h2>What rights you have over your data<\/h2><!-- \/wp:heading --><!-- wp:paragraph --><p>If you have an account on this site, or have left comments, you can request to receive an exported file of the personal data we hold about you, including any data you have provided to us. You can also request that we erase any personal data we hold about you. This does not include any data we are obliged to keep for administrative, legal, or security purposes.<\/p><!-- \/wp:paragraph --><!-- wp:heading --><h2>Where we send your data<\/h2><!-- \/wp:heading --><!-- wp:paragraph --><p>Visitor comments may be checked through an automated spam detection service.<\/p><!-- \/wp:paragraph --><!-- wp:heading --><h2>Your contact information<\/h2><!-- \/wp:heading --><!-- wp:heading --><h2>Additional information<\/h2><!-- \/wp:heading --><!-- wp:heading {\"level\":3} --><h3>How we protect your data<\/h3><!-- \/wp:heading --><!-- wp:heading {\"level\":3} --><h3>What data breach procedures we have in place<\/h3><!-- \/wp:heading --><!-- wp:heading {\"level\":3} --><h3>What third parties we receive data from<\/h3><!-- \/wp:heading --><!-- wp:heading {\"level\":3} --><h3>What automated decision making and\/or profiling we do with user data<\/h3><!-- \/wp:heading --><!-- wp:heading {\"level\":3} --><h3>Industry regulatory disclosure requirements<\/h3><!-- \/wp:heading -->","_et_gb_content_width":"","footnotes":""},"yoast_head":"<!-- This site is optimized with the Yoast SEO plugin v21.7 - https:\/\/yoast.com\/wordpress\/plugins\/seo\/ -->\n<title>Pravila o za\u0161\u010diti zasebnosti | Maslinovo ulje Vergal<\/title>\n<meta name=\"robots\" content=\"index, follow, max-snippet:-1, max-image-preview:large, max-video-preview:-1\" \/>\n<link rel=\"canonical\" href=\"https:\/\/www.vergal.hr\/sl\/pravila-o-zasciti-zasebnosti\/\" \/>\n<meta property=\"og:locale\" content=\"sl_SI\" \/>\n<meta property=\"og:type\" content=\"article\" \/>\n<meta property=\"og:title\" content=\"Pravila o za\u0161\u010diti zasebnosti | Maslinovo ulje Vergal\" \/>\n<meta property=\"og:description\" content=\"Pravila o za\u0161\u010diti zasebnosti Aminess d. d., OIB: 58935879058, \u0160kverska 8, 52 466 Novigrad (v nadaljnjem besedilu:\u00a0&#039;Aminess&#039; ili &#039;mi&#039;) ki posluje pod znamko Aminess hotels &amp; campsites,\u00a0\u017eeli s temi Pravili o za\u0161\u010diti zasebnosti nuditi informacije o namenih in pogojih obdelave va\u0161ih osebnih podatkov, zbranih v zvezi z uporabo spletne strani www.vergal.hr. Na\u0161e politike opisujejo vrsto [&hellip;]\" \/>\n<meta property=\"og:url\" content=\"https:\/\/www.vergal.hr\/sl\/pravila-o-zasciti-zasebnosti\/\" \/>\n<meta property=\"og:site_name\" content=\"Maslinovo ulje Vergal\" \/>\n<meta property=\"article:publisher\" content=\"https:\/\/www.facebook.com\/VergalOliveOil\/\" \/>\n<meta property=\"article:modified_time\" content=\"2022-07-13T06:45:51+00:00\" \/>\n<meta property=\"og:image\" content=\"https:\/\/www.vergal.hr\/wp-content\/uploads\/2019\/04\/maslinik.jpg\" \/>\n\t<meta property=\"og:image:width\" content=\"1024\" \/>\n\t<meta property=\"og:image:height\" content=\"682\" \/>\n\t<meta property=\"og:image:type\" content=\"image\/jpeg\" \/>\n<meta name=\"twitter:card\" content=\"summary_large_image\" \/>\n<meta name=\"twitter:label1\" content=\"Est. reading time\" \/>\n\t<meta name=\"twitter:data1\" content=\"4 minute\" \/>\n<script type=\"application\/ld+json\" class=\"yoast-schema-graph\">{\"@context\":\"https:\/\/schema.org\",\"@graph\":[{\"@type\":\"WebPage\",\"@id\":\"https:\/\/www.vergal.hr\/sl\/pravila-o-zasciti-zasebnosti\/\",\"url\":\"https:\/\/www.vergal.hr\/sl\/pravila-o-zasciti-zasebnosti\/\",\"name\":\"Pravila o za\u0161\u010diti zasebnosti | Maslinovo ulje Vergal\",\"isPartOf\":{\"@id\":\"https:\/\/www.vergal.hr\/sl\/#website\"},\"datePublished\":\"2020-06-18T14:38:39+00:00\",\"dateModified\":\"2022-07-13T06:45:51+00:00\",\"breadcrumb\":{\"@id\":\"https:\/\/www.vergal.hr\/sl\/pravila-o-zasciti-zasebnosti\/#breadcrumb\"},\"inLanguage\":\"sl-SI\",\"potentialAction\":[{\"@type\":\"ReadAction\",\"target\":[\"https:\/\/www.vergal.hr\/sl\/pravila-o-zasciti-zasebnosti\/\"]}]},{\"@type\":\"BreadcrumbList\",\"@id\":\"https:\/\/www.vergal.hr\/sl\/pravila-o-zasciti-zasebnosti\/#breadcrumb\",\"itemListElement\":[{\"@type\":\"ListItem\",\"position\":1,\"name\":\"Po\u010detna stranica\",\"item\":\"https:\/\/www.vergal.hr\/sl\/\"},{\"@type\":\"ListItem\",\"position\":2,\"name\":\"Pravila o za\u0161\u010diti zasebnosti\"}]},{\"@type\":\"WebSite\",\"@id\":\"https:\/\/www.vergal.hr\/sl\/#website\",\"url\":\"https:\/\/www.vergal.hr\/sl\/\",\"name\":\"Maslinovo ulje Vergal\",\"description\":\"Ekstra djevi\u010dansko maslinovo ulje\",\"publisher\":{\"@id\":\"https:\/\/www.vergal.hr\/sl\/#organization\"},\"potentialAction\":[{\"@type\":\"SearchAction\",\"target\":{\"@type\":\"EntryPoint\",\"urlTemplate\":\"https:\/\/www.vergal.hr\/sl\/?s={search_term_string}\"},\"query-input\":\"required name=search_term_string\"}],\"inLanguage\":\"sl-SI\"},{\"@type\":\"Organization\",\"@id\":\"https:\/\/www.vergal.hr\/sl\/#organization\",\"name\":\"Maslinovo ulje Vergal\",\"url\":\"https:\/\/www.vergal.hr\/sl\/\",\"logo\":{\"@type\":\"ImageObject\",\"inLanguage\":\"sl-SI\",\"@id\":\"https:\/\/www.vergal.hr\/sl\/#\/schema\/logo\/image\/\",\"url\":\"https:\/\/www.vergal.hr\/wp-content\/uploads\/2019\/04\/logo_231.png\",\"contentUrl\":\"https:\/\/www.vergal.hr\/wp-content\/uploads\/2019\/04\/logo_231.png\",\"width\":231,\"height\":351,\"caption\":\"Maslinovo ulje Vergal\"},\"image\":{\"@id\":\"https:\/\/www.vergal.hr\/sl\/#\/schema\/logo\/image\/\"},\"sameAs\":[\"https:\/\/www.facebook.com\/VergalOliveOil\/\"]}]}<\/script>\n<!-- \/ Yoast SEO plugin. -->","yoast_head_json":{"title":"Pravila o za\u0161\u010diti zasebnosti | Maslinovo ulje Vergal","robots":{"index":"index","follow":"follow","max-snippet":"max-snippet:-1","max-image-preview":"max-image-preview:large","max-video-preview":"max-video-preview:-1"},"canonical":"https:\/\/www.vergal.hr\/sl\/pravila-o-zasciti-zasebnosti\/","og_locale":"sl_SI","og_type":"article","og_title":"Pravila o za\u0161\u010diti zasebnosti | Maslinovo ulje Vergal","og_description":"Pravila o za\u0161\u010diti zasebnosti Aminess d. d., OIB: 58935879058, \u0160kverska 8, 52 466 Novigrad (v nadaljnjem besedilu:\u00a0'Aminess' ili 'mi') ki posluje pod znamko Aminess hotels &amp; campsites,\u00a0\u017eeli s temi Pravili o za\u0161\u010diti zasebnosti nuditi informacije o namenih in pogojih obdelave va\u0161ih osebnih podatkov, zbranih v zvezi z uporabo spletne strani www.vergal.hr. Na\u0161e politike opisujejo vrsto [&hellip;]","og_url":"https:\/\/www.vergal.hr\/sl\/pravila-o-zasciti-zasebnosti\/","og_site_name":"Maslinovo ulje Vergal","article_publisher":"https:\/\/www.facebook.com\/VergalOliveOil\/","article_modified_time":"2022-07-13T06:45:51+00:00","og_image":[{"width":1024,"height":682,"url":"https:\/\/www.vergal.hr\/wp-content\/uploads\/2019\/04\/maslinik.jpg","type":"image\/jpeg"}],"twitter_card":"summary_large_image","twitter_misc":{"Est. reading time":"4 minute"},"schema":{"@context":"https:\/\/schema.org","@graph":[{"@type":"WebPage","@id":"https:\/\/www.vergal.hr\/sl\/pravila-o-zasciti-zasebnosti\/","url":"https:\/\/www.vergal.hr\/sl\/pravila-o-zasciti-zasebnosti\/","name":"Pravila o za\u0161\u010diti zasebnosti | Maslinovo ulje Vergal","isPartOf":{"@id":"https:\/\/www.vergal.hr\/sl\/#website"},"datePublished":"2020-06-18T14:38:39+00:00","dateModified":"2022-07-13T06:45:51+00:00","breadcrumb":{"@id":"https:\/\/www.vergal.hr\/sl\/pravila-o-zasciti-zasebnosti\/#breadcrumb"},"inLanguage":"sl-SI","potentialAction":[{"@type":"ReadAction","target":["https:\/\/www.vergal.hr\/sl\/pravila-o-zasciti-zasebnosti\/"]}]},{"@type":"BreadcrumbList","@id":"https:\/\/www.vergal.hr\/sl\/pravila-o-zasciti-zasebnosti\/#breadcrumb","itemListElement":[{"@type":"ListItem","position":1,"name":"Po\u010detna stranica","item":"https:\/\/www.vergal.hr\/sl\/"},{"@type":"ListItem","position":2,"name":"Pravila o za\u0161\u010diti zasebnosti"}]},{"@type":"WebSite","@id":"https:\/\/www.vergal.hr\/sl\/#website","url":"https:\/\/www.vergal.hr\/sl\/","name":"Maslinovo ulje Vergal","description":"Ekstra djevi\u010dansko maslinovo ulje","publisher":{"@id":"https:\/\/www.vergal.hr\/sl\/#organization"},"potentialAction":[{"@type":"SearchAction","target":{"@type":"EntryPoint","urlTemplate":"https:\/\/www.vergal.hr\/sl\/?s={search_term_string}"},"query-input":"required name=search_term_string"}],"inLanguage":"sl-SI"},{"@type":"Organization","@id":"https:\/\/www.vergal.hr\/sl\/#organization","name":"Maslinovo ulje Vergal","url":"https:\/\/www.vergal.hr\/sl\/","logo":{"@type":"ImageObject","inLanguage":"sl-SI","@id":"https:\/\/www.vergal.hr\/sl\/#\/schema\/logo\/image\/","url":"https:\/\/www.vergal.hr\/wp-content\/uploads\/2019\/04\/logo_231.png","contentUrl":"https:\/\/www.vergal.hr\/wp-content\/uploads\/2019\/04\/logo_231.png","width":231,"height":351,"caption":"Maslinovo ulje Vergal"},"image":{"@id":"https:\/\/www.vergal.hr\/sl\/#\/schema\/logo\/image\/"},"sameAs":["https:\/\/www.facebook.com\/VergalOliveOil\/"]}]}},"_links":{"self":[{"href":"https:\/\/www.vergal.hr\/sl\/wp-json\/wp\/v2\/pages\/2014"}],"collection":[{"href":"https:\/\/www.vergal.hr\/sl\/wp-json\/wp\/v2\/pages"}],"about":[{"href":"https:\/\/www.vergal.hr\/sl\/wp-json\/wp\/v2\/types\/page"}],"author":[{"embeddable":true,"href":"https:\/\/www.vergal.hr\/sl\/wp-json\/wp\/v2\/users\/6"}],"replies":[{"embeddable":true,"href":"https:\/\/www.vergal.hr\/sl\/wp-json\/wp\/v2\/comments?post=2014"}],"version-history":[{"count":5,"href":"https:\/\/www.vergal.hr\/sl\/wp-json\/wp\/v2\/pages\/2014\/revisions"}],"predecessor-version":[{"id":2912,"href":"https:\/\/www.vergal.hr\/sl\/wp-json\/wp\/v2\/pages\/2014\/revisions\/2912"}],"wp:attachment":[{"href":"https:\/\/www.vergal.hr\/sl\/wp-json\/wp\/v2\/media?parent=2014"}],"curies":[{"name":"wp","href":"https:\/\/api.w.org\/{rel}","templated":true}]}}