{"id":1194,"date":"2019-04-11T08:55:06","date_gmt":"2019-04-11T06:55:06","guid":{"rendered":"https:\/\/www.vergal.hr\/product\/maslinovo-ulje-vergal-blend\/"},"modified":"2026-02-26T11:38:30","modified_gmt":"2026-02-26T09:38:30","slug":"olivno-olje-vergal-blend","status":"publish","type":"product","link":"https:\/\/www.vergal.hr\/sl\/izdelek\/olivno-olje-vergal-blend\/","title":{"rendered":"Olivno olje Vergal Blend"},"content":{"rendered":"","protected":false},"excerpt":{"rendered":"<p>Gre za kombinacijo oliv razli\u010dnih sort. Je intenzivno zelene barve in di\u0161i po zdravih zelenih olivah ter poko\u0161eni travi. Okus predstavlja popoln spoj pikantnosti in grenkobe z notami mandljev. Priporo\u010damo vam, da olje zaradi njegove skladnosti uporabljate s solatami, kuhano zelenjavo ali kot dodatek ribjim jedem.<\/p>\n<p><strong>New York International Olive Oil Competition (NYIOOC) 2024, 2025 in 2026<\/strong> \u2013 <strong>GOLD AWARD<\/strong> \u2013 Olje Vergal Blend je bilo razgla\u0161eno za eno najbolj\u0161ih olj na svetu in je osvojilo zlato medaljo.<\/p>\n<p>Blend je bil uvr\u0161\u010den v specializirani vodnik <strong>Flos Olei<\/strong>, ki predstavlja najbolj\u0161a ekstra devi\u0161ka olj\u010dna olja. Leta 2025 in 2026.<\/p>\n<p><strong>2025 vklju\u010den v Selezione Leone<\/strong> z rezultatom, vi\u0161jim od 85\/100<\/p>\n","protected":false},"featured_media":1964,"template":"","meta":{"_et_pb_use_builder":"","_et_pb_old_content":"","_et_gb_content_width":""},"product_cat":[123],"product_tag":[],"yoast_head":"<!-- This site is optimized with the Yoast SEO plugin v21.7 - https:\/\/yoast.com\/wordpress\/plugins\/seo\/ -->\n<title>Olivno olje Vergal Blend | Extra djevi\u010dansko maslinovo ulje<\/title>\n<meta name=\"description\" content=\"Dobiveno je izravno iz ploda masline isklju\u010divo mehani\u010dkim postupcima hladne prerade. Plodovi se ubiru ru\u010dno u na\u0161im maslinicima na podru\u010dju Istre.\" \/>\n<meta name=\"robots\" content=\"index, follow, max-snippet:-1, max-image-preview:large, max-video-preview:-1\" \/>\n<link rel=\"canonical\" href=\"https:\/\/www.vergal.hr\/sl\/izdelek\/olivno-olje-vergal-blend\/\" \/>\n<meta property=\"og:locale\" content=\"sl_SI\" \/>\n<meta property=\"og:type\" content=\"article\" \/>\n<meta property=\"og:title\" content=\"Olivno olje Vergal Blend | Extra djevi\u010dansko maslinovo ulje\" \/>\n<meta property=\"og:description\" content=\"Dobiveno je izravno iz ploda masline isklju\u010divo mehani\u010dkim postupcima hladne prerade. Plodovi se ubiru ru\u010dno u na\u0161im maslinicima na podru\u010dju Istre.\" \/>\n<meta property=\"og:url\" content=\"https:\/\/www.vergal.hr\/sl\/izdelek\/olivno-olje-vergal-blend\/\" \/>\n<meta property=\"og:site_name\" content=\"Maslinovo ulje Vergal\" \/>\n<meta property=\"article:publisher\" content=\"https:\/\/www.facebook.com\/VergalOliveOil\/\" \/>\n<meta property=\"article:modified_time\" content=\"2026-02-26T09:38:30+00:00\" \/>\n<meta property=\"og:image\" content=\"https:\/\/www.vergal.hr\/wp-content\/uploads\/2020\/06\/blend-500.jpg\" \/>\n\t<meta property=\"og:image:width\" content=\"600\" \/>\n\t<meta property=\"og:image:height\" content=\"900\" \/>\n\t<meta property=\"og:image:type\" content=\"image\/jpeg\" \/>\n<meta name=\"twitter:card\" content=\"summary_large_image\" \/>\n<meta name=\"twitter:label1\" content=\"Est. reading time\" \/>\n\t<meta name=\"twitter:data1\" content=\"1 minuta\" \/>\n<script type=\"application\/ld+json\" class=\"yoast-schema-graph\">{\"@context\":\"https:\/\/schema.org\",\"@graph\":[{\"@type\":\"WebPage\",\"@id\":\"https:\/\/www.vergal.hr\/sl\/izdelek\/olivno-olje-vergal-blend\/\",\"url\":\"https:\/\/www.vergal.hr\/sl\/izdelek\/olivno-olje-vergal-blend\/\",\"name\":\"Olivno olje Vergal Blend | Extra djevi\u010dansko maslinovo ulje\",\"isPartOf\":{\"@id\":\"https:\/\/www.vergal.hr\/sl\/#website\"},\"datePublished\":\"2019-04-11T06:55:06+00:00\",\"dateModified\":\"2026-02-26T09:38:30+00:00\",\"description\":\"Dobiveno je izravno iz ploda masline isklju\u010divo mehani\u010dkim postupcima hladne prerade. Plodovi se ubiru ru\u010dno u na\u0161im maslinicima na podru\u010dju Istre.\",\"breadcrumb\":{\"@id\":\"https:\/\/www.vergal.hr\/sl\/izdelek\/olivno-olje-vergal-blend\/#breadcrumb\"},\"inLanguage\":\"sl-SI\",\"potentialAction\":[{\"@type\":\"ReadAction\",\"target\":[\"https:\/\/www.vergal.hr\/sl\/izdelek\/olivno-olje-vergal-blend\/\"]}]},{\"@type\":\"BreadcrumbList\",\"@id\":\"https:\/\/www.vergal.hr\/sl\/izdelek\/olivno-olje-vergal-blend\/#breadcrumb\",\"itemListElement\":[{\"@type\":\"ListItem\",\"position\":1,\"name\":\"Po\u010detna stranica\",\"item\":\"https:\/\/www.vergal.hr\/sl\/\"},{\"@type\":\"ListItem\",\"position\":2,\"name\":\"Spletna trgovina olj\u010dnega olja Vergal \u2013 naro\u010dite na\u0161e olj\u010dno olje v samo parih klikih!\",\"item\":\"https:\/\/www.vergal.hr\/sl\/shop\/\"},{\"@type\":\"ListItem\",\"position\":3,\"name\":\"Olivno olje Vergal Blend\"}]},{\"@type\":\"WebSite\",\"@id\":\"https:\/\/www.vergal.hr\/sl\/#website\",\"url\":\"https:\/\/www.vergal.hr\/sl\/\",\"name\":\"Maslinovo ulje Vergal\",\"description\":\"Ekstra djevi\u010dansko maslinovo ulje\",\"publisher\":{\"@id\":\"https:\/\/www.vergal.hr\/sl\/#organization\"},\"potentialAction\":[{\"@type\":\"SearchAction\",\"target\":{\"@type\":\"EntryPoint\",\"urlTemplate\":\"https:\/\/www.vergal.hr\/sl\/?s={search_term_string}\"},\"query-input\":\"required name=search_term_string\"}],\"inLanguage\":\"sl-SI\"},{\"@type\":\"Organization\",\"@id\":\"https:\/\/www.vergal.hr\/sl\/#organization\",\"name\":\"Maslinovo ulje Vergal\",\"url\":\"https:\/\/www.vergal.hr\/sl\/\",\"logo\":{\"@type\":\"ImageObject\",\"inLanguage\":\"sl-SI\",\"@id\":\"https:\/\/www.vergal.hr\/sl\/#\/schema\/logo\/image\/\",\"url\":\"https:\/\/www.vergal.hr\/wp-content\/uploads\/2019\/04\/logo_231.png\",\"contentUrl\":\"https:\/\/www.vergal.hr\/wp-content\/uploads\/2019\/04\/logo_231.png\",\"width\":231,\"height\":351,\"caption\":\"Maslinovo ulje Vergal\"},\"image\":{\"@id\":\"https:\/\/www.vergal.hr\/sl\/#\/schema\/logo\/image\/\"},\"sameAs\":[\"https:\/\/www.facebook.com\/VergalOliveOil\/\"]}]}<\/script>\n<!-- \/ Yoast SEO plugin. -->","yoast_head_json":{"title":"Olivno olje Vergal Blend | Extra djevi\u010dansko maslinovo ulje","description":"Dobiveno je izravno iz ploda masline isklju\u010divo mehani\u010dkim postupcima hladne prerade. Plodovi se ubiru ru\u010dno u na\u0161im maslinicima na podru\u010dju Istre.","robots":{"index":"index","follow":"follow","max-snippet":"max-snippet:-1","max-image-preview":"max-image-preview:large","max-video-preview":"max-video-preview:-1"},"canonical":"https:\/\/www.vergal.hr\/sl\/izdelek\/olivno-olje-vergal-blend\/","og_locale":"sl_SI","og_type":"article","og_title":"Olivno olje Vergal Blend | Extra djevi\u010dansko maslinovo ulje","og_description":"Dobiveno je izravno iz ploda masline isklju\u010divo mehani\u010dkim postupcima hladne prerade. Plodovi se ubiru ru\u010dno u na\u0161im maslinicima na podru\u010dju Istre.","og_url":"https:\/\/www.vergal.hr\/sl\/izdelek\/olivno-olje-vergal-blend\/","og_site_name":"Maslinovo ulje Vergal","article_publisher":"https:\/\/www.facebook.com\/VergalOliveOil\/","article_modified_time":"2026-02-26T09:38:30+00:00","og_image":[{"width":600,"height":900,"url":"https:\/\/www.vergal.hr\/wp-content\/uploads\/2020\/06\/blend-500.jpg","type":"image\/jpeg"}],"twitter_card":"summary_large_image","twitter_misc":{"Est. reading time":"1 minuta"},"schema":{"@context":"https:\/\/schema.org","@graph":[{"@type":"WebPage","@id":"https:\/\/www.vergal.hr\/sl\/izdelek\/olivno-olje-vergal-blend\/","url":"https:\/\/www.vergal.hr\/sl\/izdelek\/olivno-olje-vergal-blend\/","name":"Olivno olje Vergal Blend | Extra djevi\u010dansko maslinovo ulje","isPartOf":{"@id":"https:\/\/www.vergal.hr\/sl\/#website"},"datePublished":"2019-04-11T06:55:06+00:00","dateModified":"2026-02-26T09:38:30+00:00","description":"Dobiveno je izravno iz ploda masline isklju\u010divo mehani\u010dkim postupcima hladne prerade. Plodovi se ubiru ru\u010dno u na\u0161im maslinicima na podru\u010dju Istre.","breadcrumb":{"@id":"https:\/\/www.vergal.hr\/sl\/izdelek\/olivno-olje-vergal-blend\/#breadcrumb"},"inLanguage":"sl-SI","potentialAction":[{"@type":"ReadAction","target":["https:\/\/www.vergal.hr\/sl\/izdelek\/olivno-olje-vergal-blend\/"]}]},{"@type":"BreadcrumbList","@id":"https:\/\/www.vergal.hr\/sl\/izdelek\/olivno-olje-vergal-blend\/#breadcrumb","itemListElement":[{"@type":"ListItem","position":1,"name":"Po\u010detna stranica","item":"https:\/\/www.vergal.hr\/sl\/"},{"@type":"ListItem","position":2,"name":"Spletna trgovina olj\u010dnega olja Vergal \u2013 naro\u010dite na\u0161e olj\u010dno olje v samo parih klikih!","item":"https:\/\/www.vergal.hr\/sl\/shop\/"},{"@type":"ListItem","position":3,"name":"Olivno olje Vergal Blend"}]},{"@type":"WebSite","@id":"https:\/\/www.vergal.hr\/sl\/#website","url":"https:\/\/www.vergal.hr\/sl\/","name":"Maslinovo ulje Vergal","description":"Ekstra djevi\u010dansko maslinovo ulje","publisher":{"@id":"https:\/\/www.vergal.hr\/sl\/#organization"},"potentialAction":[{"@type":"SearchAction","target":{"@type":"EntryPoint","urlTemplate":"https:\/\/www.vergal.hr\/sl\/?s={search_term_string}"},"query-input":"required name=search_term_string"}],"inLanguage":"sl-SI"},{"@type":"Organization","@id":"https:\/\/www.vergal.hr\/sl\/#organization","name":"Maslinovo ulje Vergal","url":"https:\/\/www.vergal.hr\/sl\/","logo":{"@type":"ImageObject","inLanguage":"sl-SI","@id":"https:\/\/www.vergal.hr\/sl\/#\/schema\/logo\/image\/","url":"https:\/\/www.vergal.hr\/wp-content\/uploads\/2019\/04\/logo_231.png","contentUrl":"https:\/\/www.vergal.hr\/wp-content\/uploads\/2019\/04\/logo_231.png","width":231,"height":351,"caption":"Maslinovo ulje Vergal"},"image":{"@id":"https:\/\/www.vergal.hr\/sl\/#\/schema\/logo\/image\/"},"sameAs":["https:\/\/www.facebook.com\/VergalOliveOil\/"]}]}},"_links":{"self":[{"href":"https:\/\/www.vergal.hr\/sl\/wp-json\/wp\/v2\/product\/1194"}],"collection":[{"href":"https:\/\/www.vergal.hr\/sl\/wp-json\/wp\/v2\/product"}],"about":[{"href":"https:\/\/www.vergal.hr\/sl\/wp-json\/wp\/v2\/types\/product"}],"wp:featuredmedia":[{"embeddable":true,"href":"https:\/\/www.vergal.hr\/sl\/wp-json\/wp\/v2\/media\/1964"}],"wp:attachment":[{"href":"https:\/\/www.vergal.hr\/sl\/wp-json\/wp\/v2\/media?parent=1194"}],"wp:term":[{"taxonomy":"product_cat","embeddable":true,"href":"https:\/\/www.vergal.hr\/sl\/wp-json\/wp\/v2\/product_cat?post=1194"},{"taxonomy":"product_tag","embeddable":true,"href":"https:\/\/www.vergal.hr\/sl\/wp-json\/wp\/v2\/product_tag?post=1194"}],"curies":[{"name":"wp","href":"https:\/\/api.w.org\/{rel}","templated":true}]}}