{"id":1236,"date":"2019-04-11T08:38:00","date_gmt":"2019-04-11T06:38:00","guid":{"rendered":"https:\/\/www.vergal.hr\/product\/maslinovo-ulje-frantoio\/"},"modified":"2026-04-16T10:49:39","modified_gmt":"2026-04-16T08:49:39","slug":"olivno-olje-frantoio","status":"publish","type":"product","link":"https:\/\/www.vergal.hr\/sl\/izdelek\/olivno-olje-frantoio\/","title":{"rendered":"Olivno olje Frantoio"},"content":{"rendered":"","protected":false},"excerpt":{"rendered":"<p>Pozitivne lastnosti olj\u010dnega olja so izjemno usklajene, okus pa izrazito pikanten in grenkast. Olje je najbolj\u0161i dodatek \u017eivilom intenzivnega okusa in vonja, kot so biftek, tartufi, divja\u010dinsko meso in zreli siri.<\/p>\n<p><strong>New York International Olive Oil Competition (NYIOOC) 2018, 2019, 2021, 2022, 2023, 2025 in 2026<\/strong> \u2013 <strong>GOLD AWARD<\/strong> \u2013 Olje Vergal Frantoio je bilo razgla\u0161eno za eno najbolj\u0161ih olj na svetu in je osvojilo zlato medaljo v kategoriji olj iz monokulturnih nasadov z blago sadno aromo.<em><br \/>\n<\/em><strong><em>April 2017 \u2013 BEST in CLASS\u00a0<\/em><\/strong>\u2013olje Vergal Frantoio je osvojilo presti\u017eno nagrado Best in Class v kategoriji olj iz monokulturnih nasadov z blago sadno aromo med 12 kategorijami za severno poloblo.<\/p>\n<p><strong>Flos Olei vodi\u010d<br \/>\n<\/strong>Frantoio je uvr\u0161\u010den v specializirani vodi\u010d Flos Olei, ki vsebuje pregled najbolj\u0161ih ekstra devi\u0161kih olj\u010dnih ulj.\u00a0<strong>2013, 2014, 2015, 2017, 2018, 2019, 2020, 2021, 2022, 2023 in 2024.<\/strong><\/p>\n<p><strong><em>L&#8217;Agence pour la Valorisation des Produits Agricoles (AVPA), Pariz\u00a0<\/em><\/strong>\u2013<em> neprofitna organizacija, v kateri so zbrani proizvajalci iz celega sveta<br \/>\n<\/em><em><strong>2018<\/strong> \u2013 Zlata gurmanska medalja za olje Vergal Frantoio v sklopu Mednarodnega tekmovanje svetovnih jedilnih olj.<\/em><\/p>\n<p><strong>Selekcija Leone d&#8217;Oro 2026<\/strong> \u2013 uvr\u0161\u010den z oceno vi\u0161jo od 85\/100<\/p>\n","protected":false},"featured_media":1974,"template":"","meta":{"_et_pb_use_builder":"","_et_pb_old_content":"","_et_gb_content_width":""},"product_cat":[131],"product_tag":[],"yoast_head":"<!-- This site is optimized with the Yoast SEO plugin v21.7 - https:\/\/yoast.com\/wordpress\/plugins\/seo\/ -->\n<title>Olivno olje Frantoio | Extra djevi\u010dansko maslinovo ulje<\/title>\n<meta name=\"description\" content=\"Ulje visoke kakvo\u0107e. Pozitivne osobine maslinovog ulja vrlo su uskla\u0111ene, a okus izrazito pikantan i gorak. Najbolji dodatak namirnicama intenzivnog okusa.\" \/>\n<meta name=\"robots\" content=\"index, follow, max-snippet:-1, max-image-preview:large, max-video-preview:-1\" \/>\n<link rel=\"canonical\" href=\"https:\/\/www.vergal.hr\/sl\/izdelek\/olivno-olje-frantoio\/\" \/>\n<meta property=\"og:locale\" content=\"sl_SI\" \/>\n<meta property=\"og:type\" content=\"article\" \/>\n<meta property=\"og:title\" content=\"Olivno olje Frantoio | Extra djevi\u010dansko maslinovo ulje\" \/>\n<meta property=\"og:description\" content=\"Ulje visoke kakvo\u0107e. Pozitivne osobine maslinovog ulja vrlo su uskla\u0111ene, a okus izrazito pikantan i gorak. Najbolji dodatak namirnicama intenzivnog okusa.\" \/>\n<meta property=\"og:url\" content=\"https:\/\/www.vergal.hr\/sl\/izdelek\/olivno-olje-frantoio\/\" \/>\n<meta property=\"og:site_name\" content=\"Maslinovo ulje Vergal\" \/>\n<meta property=\"article:publisher\" content=\"https:\/\/www.facebook.com\/VergalOliveOil\/\" \/>\n<meta property=\"article:modified_time\" content=\"2026-04-16T08:49:39+00:00\" \/>\n<meta property=\"og:image\" content=\"https:\/\/www.vergal.hr\/wp-content\/uploads\/2020\/06\/frantoio-500.jpg\" \/>\n\t<meta property=\"og:image:width\" content=\"600\" \/>\n\t<meta property=\"og:image:height\" content=\"900\" \/>\n\t<meta property=\"og:image:type\" content=\"image\/jpeg\" \/>\n<meta name=\"twitter:card\" content=\"summary_large_image\" \/>\n<meta name=\"twitter:label1\" content=\"Est. reading time\" \/>\n\t<meta name=\"twitter:data1\" content=\"1 minuta\" \/>\n<script type=\"application\/ld+json\" class=\"yoast-schema-graph\">{\"@context\":\"https:\/\/schema.org\",\"@graph\":[{\"@type\":\"WebPage\",\"@id\":\"https:\/\/www.vergal.hr\/sl\/izdelek\/olivno-olje-frantoio\/\",\"url\":\"https:\/\/www.vergal.hr\/sl\/izdelek\/olivno-olje-frantoio\/\",\"name\":\"Olivno olje Frantoio | Extra djevi\u010dansko maslinovo ulje\",\"isPartOf\":{\"@id\":\"https:\/\/www.vergal.hr\/sl\/#website\"},\"datePublished\":\"2019-04-11T06:38:00+00:00\",\"dateModified\":\"2026-04-16T08:49:39+00:00\",\"description\":\"Ulje visoke kakvo\u0107e. Pozitivne osobine maslinovog ulja vrlo su uskla\u0111ene, a okus izrazito pikantan i gorak. Najbolji dodatak namirnicama intenzivnog okusa.\",\"breadcrumb\":{\"@id\":\"https:\/\/www.vergal.hr\/sl\/izdelek\/olivno-olje-frantoio\/#breadcrumb\"},\"inLanguage\":\"sl-SI\",\"potentialAction\":[{\"@type\":\"ReadAction\",\"target\":[\"https:\/\/www.vergal.hr\/sl\/izdelek\/olivno-olje-frantoio\/\"]}]},{\"@type\":\"BreadcrumbList\",\"@id\":\"https:\/\/www.vergal.hr\/sl\/izdelek\/olivno-olje-frantoio\/#breadcrumb\",\"itemListElement\":[{\"@type\":\"ListItem\",\"position\":1,\"name\":\"Po\u010detna stranica\",\"item\":\"https:\/\/www.vergal.hr\/sl\/\"},{\"@type\":\"ListItem\",\"position\":2,\"name\":\"Spletna trgovina olj\u010dnega olja Vergal \u2013 naro\u010dite na\u0161e olj\u010dno olje v samo parih klikih!\",\"item\":\"https:\/\/www.vergal.hr\/sl\/shop\/\"},{\"@type\":\"ListItem\",\"position\":3,\"name\":\"Olivno olje Frantoio\"}]},{\"@type\":\"WebSite\",\"@id\":\"https:\/\/www.vergal.hr\/sl\/#website\",\"url\":\"https:\/\/www.vergal.hr\/sl\/\",\"name\":\"Maslinovo ulje Vergal\",\"description\":\"Ekstra djevi\u010dansko maslinovo ulje\",\"publisher\":{\"@id\":\"https:\/\/www.vergal.hr\/sl\/#organization\"},\"potentialAction\":[{\"@type\":\"SearchAction\",\"target\":{\"@type\":\"EntryPoint\",\"urlTemplate\":\"https:\/\/www.vergal.hr\/sl\/?s={search_term_string}\"},\"query-input\":\"required name=search_term_string\"}],\"inLanguage\":\"sl-SI\"},{\"@type\":\"Organization\",\"@id\":\"https:\/\/www.vergal.hr\/sl\/#organization\",\"name\":\"Maslinovo ulje Vergal\",\"url\":\"https:\/\/www.vergal.hr\/sl\/\",\"logo\":{\"@type\":\"ImageObject\",\"inLanguage\":\"sl-SI\",\"@id\":\"https:\/\/www.vergal.hr\/sl\/#\/schema\/logo\/image\/\",\"url\":\"https:\/\/www.vergal.hr\/wp-content\/uploads\/2019\/04\/logo_231.png\",\"contentUrl\":\"https:\/\/www.vergal.hr\/wp-content\/uploads\/2019\/04\/logo_231.png\",\"width\":231,\"height\":351,\"caption\":\"Maslinovo ulje Vergal\"},\"image\":{\"@id\":\"https:\/\/www.vergal.hr\/sl\/#\/schema\/logo\/image\/\"},\"sameAs\":[\"https:\/\/www.facebook.com\/VergalOliveOil\/\"]}]}<\/script>\n<!-- \/ Yoast SEO plugin. -->","yoast_head_json":{"title":"Olivno olje Frantoio | Extra djevi\u010dansko maslinovo ulje","description":"Ulje visoke kakvo\u0107e. Pozitivne osobine maslinovog ulja vrlo su uskla\u0111ene, a okus izrazito pikantan i gorak. Najbolji dodatak namirnicama intenzivnog okusa.","robots":{"index":"index","follow":"follow","max-snippet":"max-snippet:-1","max-image-preview":"max-image-preview:large","max-video-preview":"max-video-preview:-1"},"canonical":"https:\/\/www.vergal.hr\/sl\/izdelek\/olivno-olje-frantoio\/","og_locale":"sl_SI","og_type":"article","og_title":"Olivno olje Frantoio | Extra djevi\u010dansko maslinovo ulje","og_description":"Ulje visoke kakvo\u0107e. Pozitivne osobine maslinovog ulja vrlo su uskla\u0111ene, a okus izrazito pikantan i gorak. Najbolji dodatak namirnicama intenzivnog okusa.","og_url":"https:\/\/www.vergal.hr\/sl\/izdelek\/olivno-olje-frantoio\/","og_site_name":"Maslinovo ulje Vergal","article_publisher":"https:\/\/www.facebook.com\/VergalOliveOil\/","article_modified_time":"2026-04-16T08:49:39+00:00","og_image":[{"width":600,"height":900,"url":"https:\/\/www.vergal.hr\/wp-content\/uploads\/2020\/06\/frantoio-500.jpg","type":"image\/jpeg"}],"twitter_card":"summary_large_image","twitter_misc":{"Est. reading time":"1 minuta"},"schema":{"@context":"https:\/\/schema.org","@graph":[{"@type":"WebPage","@id":"https:\/\/www.vergal.hr\/sl\/izdelek\/olivno-olje-frantoio\/","url":"https:\/\/www.vergal.hr\/sl\/izdelek\/olivno-olje-frantoio\/","name":"Olivno olje Frantoio | Extra djevi\u010dansko maslinovo ulje","isPartOf":{"@id":"https:\/\/www.vergal.hr\/sl\/#website"},"datePublished":"2019-04-11T06:38:00+00:00","dateModified":"2026-04-16T08:49:39+00:00","description":"Ulje visoke kakvo\u0107e. Pozitivne osobine maslinovog ulja vrlo su uskla\u0111ene, a okus izrazito pikantan i gorak. Najbolji dodatak namirnicama intenzivnog okusa.","breadcrumb":{"@id":"https:\/\/www.vergal.hr\/sl\/izdelek\/olivno-olje-frantoio\/#breadcrumb"},"inLanguage":"sl-SI","potentialAction":[{"@type":"ReadAction","target":["https:\/\/www.vergal.hr\/sl\/izdelek\/olivno-olje-frantoio\/"]}]},{"@type":"BreadcrumbList","@id":"https:\/\/www.vergal.hr\/sl\/izdelek\/olivno-olje-frantoio\/#breadcrumb","itemListElement":[{"@type":"ListItem","position":1,"name":"Po\u010detna stranica","item":"https:\/\/www.vergal.hr\/sl\/"},{"@type":"ListItem","position":2,"name":"Spletna trgovina olj\u010dnega olja Vergal \u2013 naro\u010dite na\u0161e olj\u010dno olje v samo parih klikih!","item":"https:\/\/www.vergal.hr\/sl\/shop\/"},{"@type":"ListItem","position":3,"name":"Olivno olje Frantoio"}]},{"@type":"WebSite","@id":"https:\/\/www.vergal.hr\/sl\/#website","url":"https:\/\/www.vergal.hr\/sl\/","name":"Maslinovo ulje Vergal","description":"Ekstra djevi\u010dansko maslinovo ulje","publisher":{"@id":"https:\/\/www.vergal.hr\/sl\/#organization"},"potentialAction":[{"@type":"SearchAction","target":{"@type":"EntryPoint","urlTemplate":"https:\/\/www.vergal.hr\/sl\/?s={search_term_string}"},"query-input":"required name=search_term_string"}],"inLanguage":"sl-SI"},{"@type":"Organization","@id":"https:\/\/www.vergal.hr\/sl\/#organization","name":"Maslinovo ulje Vergal","url":"https:\/\/www.vergal.hr\/sl\/","logo":{"@type":"ImageObject","inLanguage":"sl-SI","@id":"https:\/\/www.vergal.hr\/sl\/#\/schema\/logo\/image\/","url":"https:\/\/www.vergal.hr\/wp-content\/uploads\/2019\/04\/logo_231.png","contentUrl":"https:\/\/www.vergal.hr\/wp-content\/uploads\/2019\/04\/logo_231.png","width":231,"height":351,"caption":"Maslinovo ulje Vergal"},"image":{"@id":"https:\/\/www.vergal.hr\/sl\/#\/schema\/logo\/image\/"},"sameAs":["https:\/\/www.facebook.com\/VergalOliveOil\/"]}]}},"_links":{"self":[{"href":"https:\/\/www.vergal.hr\/sl\/wp-json\/wp\/v2\/product\/1236"}],"collection":[{"href":"https:\/\/www.vergal.hr\/sl\/wp-json\/wp\/v2\/product"}],"about":[{"href":"https:\/\/www.vergal.hr\/sl\/wp-json\/wp\/v2\/types\/product"}],"wp:featuredmedia":[{"embeddable":true,"href":"https:\/\/www.vergal.hr\/sl\/wp-json\/wp\/v2\/media\/1974"}],"wp:attachment":[{"href":"https:\/\/www.vergal.hr\/sl\/wp-json\/wp\/v2\/media?parent=1236"}],"wp:term":[{"taxonomy":"product_cat","embeddable":true,"href":"https:\/\/www.vergal.hr\/sl\/wp-json\/wp\/v2\/product_cat?post=1236"},{"taxonomy":"product_tag","embeddable":true,"href":"https:\/\/www.vergal.hr\/sl\/wp-json\/wp\/v2\/product_tag?post=1236"}],"curies":[{"name":"wp","href":"https:\/\/api.w.org\/{rel}","templated":true}]}}