{"id":2146,"date":"2020-11-21T20:58:54","date_gmt":"2020-11-21T19:28:54","guid":{"rendered":"https:\/\/www.vergal.hr\/product\/darilni-paket-olja\/"},"modified":"2022-09-05T13:36:50","modified_gmt":"2022-09-05T11:36:50","slug":"darilni-paket-olja","status":"publish","type":"product","link":"https:\/\/www.vergal.hr\/sl\/izdelek\/darilni-paket-olja\/","title":{"rendered":"Darilni paket olja"},"content":{"rendered":"","protected":false},"excerpt":{"rendered":"<p>Darilni paket olja v leseni skrinjici:<\/p>\n<ul>\n<li>Frantoio 0,25L<\/li>\n<li>Leccino 0,25L<\/li>\n<li>Blend 0,25L<\/li>\n<\/ul>\n","protected":false},"featured_media":2142,"template":"","meta":{"_et_pb_use_builder":"","_et_pb_old_content":"","_et_gb_content_width":""},"product_cat":[123,131,127],"product_tag":[],"yoast_head":"<!-- This site is optimized with the Yoast SEO plugin v21.7 - https:\/\/yoast.com\/wordpress\/plugins\/seo\/ -->\n<title>Darilni paket olja v leseni skrinjici<\/title>\n<meta name=\"description\" content=\"Maslinovo ulje Frantoio ima izrazito pikantan i gorak okus \u0161to je ujedno i jamac kvalitete i pozitivnih zdravstvenih u\u010dinaka maslinovog ulja. Klik za vi\u0161e!\" \/>\n<meta name=\"robots\" content=\"index, follow, max-snippet:-1, max-image-preview:large, max-video-preview:-1\" \/>\n<link rel=\"canonical\" href=\"https:\/\/www.vergal.hr\/sl\/izdelek\/darilni-paket-olja\/\" \/>\n<meta property=\"og:locale\" content=\"sl_SI\" \/>\n<meta property=\"og:type\" content=\"article\" \/>\n<meta property=\"og:title\" content=\"Darilni paket olja v leseni skrinjici\" \/>\n<meta property=\"og:description\" content=\"Maslinovo ulje Frantoio ima izrazito pikantan i gorak okus \u0161to je ujedno i jamac kvalitete i pozitivnih zdravstvenih u\u010dinaka maslinovog ulja. Klik za vi\u0161e!\" \/>\n<meta property=\"og:url\" content=\"https:\/\/www.vergal.hr\/sl\/izdelek\/darilni-paket-olja\/\" \/>\n<meta property=\"og:site_name\" content=\"Maslinovo ulje Vergal\" \/>\n<meta property=\"article:publisher\" content=\"https:\/\/www.facebook.com\/VergalOliveOil\/\" \/>\n<meta property=\"article:modified_time\" content=\"2022-09-05T11:36:50+00:00\" \/>\n<meta property=\"og:image\" content=\"https:\/\/www.vergal.hr\/wp-content\/uploads\/2020\/11\/gift-box-vergal.jpg\" \/>\n\t<meta property=\"og:image:width\" content=\"600\" \/>\n\t<meta property=\"og:image:height\" content=\"900\" \/>\n\t<meta property=\"og:image:type\" content=\"image\/jpeg\" \/>\n<meta name=\"twitter:card\" content=\"summary_large_image\" \/>\n<script type=\"application\/ld+json\" class=\"yoast-schema-graph\">{\"@context\":\"https:\/\/schema.org\",\"@graph\":[{\"@type\":\"WebPage\",\"@id\":\"https:\/\/www.vergal.hr\/sl\/izdelek\/darilni-paket-olja\/\",\"url\":\"https:\/\/www.vergal.hr\/sl\/izdelek\/darilni-paket-olja\/\",\"name\":\"Darilni paket olja v leseni skrinjici\",\"isPartOf\":{\"@id\":\"https:\/\/www.vergal.hr\/sl\/#website\"},\"datePublished\":\"2020-11-21T19:28:54+00:00\",\"dateModified\":\"2022-09-05T11:36:50+00:00\",\"description\":\"Maslinovo ulje Frantoio ima izrazito pikantan i gorak okus \u0161to je ujedno i jamac kvalitete i pozitivnih zdravstvenih u\u010dinaka maslinovog ulja. Klik za vi\u0161e!\",\"breadcrumb\":{\"@id\":\"https:\/\/www.vergal.hr\/sl\/izdelek\/darilni-paket-olja\/#breadcrumb\"},\"inLanguage\":\"sl-SI\",\"potentialAction\":[{\"@type\":\"ReadAction\",\"target\":[\"https:\/\/www.vergal.hr\/sl\/izdelek\/darilni-paket-olja\/\"]}]},{\"@type\":\"BreadcrumbList\",\"@id\":\"https:\/\/www.vergal.hr\/sl\/izdelek\/darilni-paket-olja\/#breadcrumb\",\"itemListElement\":[{\"@type\":\"ListItem\",\"position\":1,\"name\":\"Po\u010detna stranica\",\"item\":\"https:\/\/www.vergal.hr\/sl\/\"},{\"@type\":\"ListItem\",\"position\":2,\"name\":\"Spletna trgovina olj\u010dnega olja Vergal \u2013 naro\u010dite na\u0161e olj\u010dno olje v samo parih klikih!\",\"item\":\"https:\/\/www.vergal.hr\/sl\/shop\/\"},{\"@type\":\"ListItem\",\"position\":3,\"name\":\"Darilni paket olja\"}]},{\"@type\":\"WebSite\",\"@id\":\"https:\/\/www.vergal.hr\/sl\/#website\",\"url\":\"https:\/\/www.vergal.hr\/sl\/\",\"name\":\"Maslinovo ulje Vergal\",\"description\":\"Ekstra djevi\u010dansko maslinovo ulje\",\"publisher\":{\"@id\":\"https:\/\/www.vergal.hr\/sl\/#organization\"},\"potentialAction\":[{\"@type\":\"SearchAction\",\"target\":{\"@type\":\"EntryPoint\",\"urlTemplate\":\"https:\/\/www.vergal.hr\/sl\/?s={search_term_string}\"},\"query-input\":\"required name=search_term_string\"}],\"inLanguage\":\"sl-SI\"},{\"@type\":\"Organization\",\"@id\":\"https:\/\/www.vergal.hr\/sl\/#organization\",\"name\":\"Maslinovo ulje Vergal\",\"url\":\"https:\/\/www.vergal.hr\/sl\/\",\"logo\":{\"@type\":\"ImageObject\",\"inLanguage\":\"sl-SI\",\"@id\":\"https:\/\/www.vergal.hr\/sl\/#\/schema\/logo\/image\/\",\"url\":\"https:\/\/www.vergal.hr\/wp-content\/uploads\/2019\/04\/logo_231.png\",\"contentUrl\":\"https:\/\/www.vergal.hr\/wp-content\/uploads\/2019\/04\/logo_231.png\",\"width\":231,\"height\":351,\"caption\":\"Maslinovo ulje Vergal\"},\"image\":{\"@id\":\"https:\/\/www.vergal.hr\/sl\/#\/schema\/logo\/image\/\"},\"sameAs\":[\"https:\/\/www.facebook.com\/VergalOliveOil\/\"]}]}<\/script>\n<!-- \/ Yoast SEO plugin. -->","yoast_head_json":{"title":"Darilni paket olja v leseni skrinjici","description":"Maslinovo ulje Frantoio ima izrazito pikantan i gorak okus \u0161to je ujedno i jamac kvalitete i pozitivnih zdravstvenih u\u010dinaka maslinovog ulja. Klik za vi\u0161e!","robots":{"index":"index","follow":"follow","max-snippet":"max-snippet:-1","max-image-preview":"max-image-preview:large","max-video-preview":"max-video-preview:-1"},"canonical":"https:\/\/www.vergal.hr\/sl\/izdelek\/darilni-paket-olja\/","og_locale":"sl_SI","og_type":"article","og_title":"Darilni paket olja v leseni skrinjici","og_description":"Maslinovo ulje Frantoio ima izrazito pikantan i gorak okus \u0161to je ujedno i jamac kvalitete i pozitivnih zdravstvenih u\u010dinaka maslinovog ulja. Klik za vi\u0161e!","og_url":"https:\/\/www.vergal.hr\/sl\/izdelek\/darilni-paket-olja\/","og_site_name":"Maslinovo ulje Vergal","article_publisher":"https:\/\/www.facebook.com\/VergalOliveOil\/","article_modified_time":"2022-09-05T11:36:50+00:00","og_image":[{"width":600,"height":900,"url":"https:\/\/www.vergal.hr\/wp-content\/uploads\/2020\/11\/gift-box-vergal.jpg","type":"image\/jpeg"}],"twitter_card":"summary_large_image","schema":{"@context":"https:\/\/schema.org","@graph":[{"@type":"WebPage","@id":"https:\/\/www.vergal.hr\/sl\/izdelek\/darilni-paket-olja\/","url":"https:\/\/www.vergal.hr\/sl\/izdelek\/darilni-paket-olja\/","name":"Darilni paket olja v leseni skrinjici","isPartOf":{"@id":"https:\/\/www.vergal.hr\/sl\/#website"},"datePublished":"2020-11-21T19:28:54+00:00","dateModified":"2022-09-05T11:36:50+00:00","description":"Maslinovo ulje Frantoio ima izrazito pikantan i gorak okus \u0161to je ujedno i jamac kvalitete i pozitivnih zdravstvenih u\u010dinaka maslinovog ulja. Klik za vi\u0161e!","breadcrumb":{"@id":"https:\/\/www.vergal.hr\/sl\/izdelek\/darilni-paket-olja\/#breadcrumb"},"inLanguage":"sl-SI","potentialAction":[{"@type":"ReadAction","target":["https:\/\/www.vergal.hr\/sl\/izdelek\/darilni-paket-olja\/"]}]},{"@type":"BreadcrumbList","@id":"https:\/\/www.vergal.hr\/sl\/izdelek\/darilni-paket-olja\/#breadcrumb","itemListElement":[{"@type":"ListItem","position":1,"name":"Po\u010detna stranica","item":"https:\/\/www.vergal.hr\/sl\/"},{"@type":"ListItem","position":2,"name":"Spletna trgovina olj\u010dnega olja Vergal \u2013 naro\u010dite na\u0161e olj\u010dno olje v samo parih klikih!","item":"https:\/\/www.vergal.hr\/sl\/shop\/"},{"@type":"ListItem","position":3,"name":"Darilni paket olja"}]},{"@type":"WebSite","@id":"https:\/\/www.vergal.hr\/sl\/#website","url":"https:\/\/www.vergal.hr\/sl\/","name":"Maslinovo ulje Vergal","description":"Ekstra djevi\u010dansko maslinovo ulje","publisher":{"@id":"https:\/\/www.vergal.hr\/sl\/#organization"},"potentialAction":[{"@type":"SearchAction","target":{"@type":"EntryPoint","urlTemplate":"https:\/\/www.vergal.hr\/sl\/?s={search_term_string}"},"query-input":"required name=search_term_string"}],"inLanguage":"sl-SI"},{"@type":"Organization","@id":"https:\/\/www.vergal.hr\/sl\/#organization","name":"Maslinovo ulje Vergal","url":"https:\/\/www.vergal.hr\/sl\/","logo":{"@type":"ImageObject","inLanguage":"sl-SI","@id":"https:\/\/www.vergal.hr\/sl\/#\/schema\/logo\/image\/","url":"https:\/\/www.vergal.hr\/wp-content\/uploads\/2019\/04\/logo_231.png","contentUrl":"https:\/\/www.vergal.hr\/wp-content\/uploads\/2019\/04\/logo_231.png","width":231,"height":351,"caption":"Maslinovo ulje Vergal"},"image":{"@id":"https:\/\/www.vergal.hr\/sl\/#\/schema\/logo\/image\/"},"sameAs":["https:\/\/www.facebook.com\/VergalOliveOil\/"]}]}},"_links":{"self":[{"href":"https:\/\/www.vergal.hr\/sl\/wp-json\/wp\/v2\/product\/2146"}],"collection":[{"href":"https:\/\/www.vergal.hr\/sl\/wp-json\/wp\/v2\/product"}],"about":[{"href":"https:\/\/www.vergal.hr\/sl\/wp-json\/wp\/v2\/types\/product"}],"wp:featuredmedia":[{"embeddable":true,"href":"https:\/\/www.vergal.hr\/sl\/wp-json\/wp\/v2\/media\/2142"}],"wp:attachment":[{"href":"https:\/\/www.vergal.hr\/sl\/wp-json\/wp\/v2\/media?parent=2146"}],"wp:term":[{"taxonomy":"product_cat","embeddable":true,"href":"https:\/\/www.vergal.hr\/sl\/wp-json\/wp\/v2\/product_cat?post=2146"},{"taxonomy":"product_tag","embeddable":true,"href":"https:\/\/www.vergal.hr\/sl\/wp-json\/wp\/v2\/product_tag?post=2146"}],"curies":[{"name":"wp","href":"https:\/\/api.w.org\/{rel}","templated":true}]}}